{"id":8383,"date":"2016-01-01T11:57:04","date_gmt":"2016-01-01T11:57:04","guid":{"rendered":"https:\/\/www.massage-chamonix.com\/mobile-massages-services-megeve-2\/"},"modified":"2016-01-30T10:04:39","modified_gmt":"2016-01-30T10:04:39","slug":"massage-domicile-megeve","status":"publish","type":"page","link":"https:\/\/www.massage-chamonix.com\/fr\/massage-domicile-megeve\/","title":{"rendered":"Massages \u00e0 Megeve: \u00e0 votre domicile ou \u00e0 votre hotel"},"content":{"rendered":"<p>Avec nos services de massage \u00e0 domicile, vivez une grande exp\u00e9rience de relaxation \u00a0chez vous, ou dans votre chambre d&rsquo;h\u00f4tel \u00e0 Meg\u00e8ve. Vous \u00eates\u00a0<strong>en qu\u00eate d\u2019un bien-\u00eatre int\u00e9gral apr\u00e8s <\/strong>une bonne journ\u00e9e de ski, d\u2019escalade ou de randonn\u00e9e ? Nous avons d\u00e9velopp\u00e9 des formules \u00a0qui vous permettent de recevoir un massage \u00e0 domicile ou \u00e0 votre hotel, dans le confort de votre lieu de vill\u00e9giature. Nos massages de bien-\u00eatre visent \u00a0la d\u00e9tente et la relaxation, ou le rel\u00e2chement des tensions physiques apr\u00e8s une journ\u00e9es sportive sur les pentes enneig\u00e9es de M\u00e9g\u00e8ve.<\/p>\n<p>Nous apportons tout le n\u00e9cessaire pour vous donner une grande exp\u00e9rience de massage\u00a0: table de massage, serviettes,\u00a0 huiles, et l&rsquo;aromath\u00e9rapie.<strong> Vous pouvez ainsi profiter des talents de nos masseuses qui apporteront douceur et l\u00e9g\u00e8ret\u00e9 \u00e0 votre s\u00e9jour \u00e0 M\u00e9g\u00e8ve.<\/strong>\u00a0Que le massage r\u00e9alis\u00e9 soit relaxant ayurv\u00e9dique ou sportif, notre \u00e9quipe met tout en place que vous retrouviez paix et s\u00e9r\u00e9nit\u00e9. Le massage des sportifs est quant \u00e0 lui pr\u00e9ventif, relaxant et r\u00e9parateur. Tonique et profond, ce type de massage contribue \u00e0 une meilleure \u00a0\u00e9vacuation des toxines, \u00e0 optimiser la tonicit\u00e9 musculaire, et \u00e0 assouplir les articulations et tendons souvent mis \u00e0 rude \u00e9preuve sur les pistes de ski.<\/p>\n<p>[image]<a href=\"https:\/\/www.massage-chamonix.com\/wp-content\/uploads\/2016\/01\/massage-megeve1.jpg\"><img loading=\"lazy\" class=\"alignnone size-full wp-image-8398\" alt=\"massage M\u00e9geve\" src=\"https:\/\/www.massage-chamonix.com\/wp-content\/uploads\/2016\/01\/massage-megeve1.jpg\" width=\"424\" height=\"283\" \/><\/a>[\/image]<\/p>\n<p><strong>Nous vous proposons trois formules\u00a0:\u00a0<\/strong><\/p>\n<p>\u2022 Massage ayurv\u00e9dique<br \/>\n\u2022 Massage sportif<br \/>\n\u2022 Massage relaxant<\/p>\n<p>La prestation a lieu chez vous ou sur votre lieu de vill\u00e9giature \u00e0 M\u00e9g\u00e8ve. Vous pouvez ainsi profiter d&rsquo;un massage dans l&rsquo;intimit\u00e9 et le confort de votre chalet, appartement ou hotel. Pour r\u00e9server, appelez-nous d\u00e8s aujourd\u2019hui, ou r\u00e9servez par email. Nous vous r\u00e9pondrons d\u00e8s que possible.<\/p>\n<p>Tel 06 88 63 36 99.<br \/>\n<strong>Prix des massages<\/strong><\/p>\n<table class=\"style2\">\n<thead>\n<tr>\n<th><\/th>\n<th>60 mn<\/th>\n<th>90 mn<\/th>\n<\/tr>\n<\/thead>\n<tbody>\n<tr>\n<th>Massage relaxant<\/th>\n<td>70 \u20ac<\/td>\n<td>100 \u20ac<\/td>\n<\/tr>\n<tr>\n<th>Massage decontracturant<\/th>\n<td>75 \u20ac<\/td>\n<td>110 \u20ac<\/td>\n<\/tr>\n<tr>\n<th>Massage Ayurvedique<\/th>\n<td>&#8211;<\/td>\n<td>70 \u20ac<\/td>\n<\/tr>\n<\/tbody>\n<\/table>\n<p><strong>Veuillez rajouter 20 \u20ac de suppl\u00e9ment pour le d\u00e9placement \u00e0 Meg\u00e8ve.<\/strong><\/p>\n<p><strong>Vous pouvez r\u00e9server votre massage de deux fa\u00e7ons:<\/strong><\/p>\n<p>[button title=\u00a0\u00bbRESERVER ONLINE\u00a0\u00bb link=\u00a0\u00bbhttps:\/\/www.massage-chamonix.com\/fr\/contact\/\u00a0\u00bb description=\u00a0\u00bbvotre massage\u00a0\u00bb width=\u00a0\u00bb34%\u00a0\u00bb version=\u00a0\u00bb\u00a0\u00bb position=\u00a0\u00bbleft\u00a0\u00bb bgcolor=\u00a0\u00bb#BB94A8&Prime; color=\u00a0\u00bb#111111&Prime;] ou nous appeler [button title=\u00a0\u00bbTEL 06 88 63 36 99&Prime; link=\u00a0\u00bbtel:003368863699&Prime; description=\u00a0\u00bbappelez-nous ! \u00a0\u00bb width=\u00a0\u00bb34%\u00a0\u00bb version=\u00a0\u00bb\u00a0\u00bb position=\u00a0\u00bbright\u00a0\u00bb bgcolor=\u00a0\u00bb#F0BED7&Prime; color=\u00a0\u00bb#111111&Prime;]<\/p>\n<p><iframe style=\"border: 0;\" src=\"https:\/\/www.google.com\/maps\/embed?pb=!1m14!1m12!1m3!1d22229.757360148433!2d6.615551915420553!3d45.85690947910752!2m3!1f0!2f0!3f0!3m2!1i1024!2i768!4f13.1!5e0!3m2!1ses!2ses!4v1454147895373\" height=\"450\" width=\"600\" allowfullscreen=\"\" frameborder=\"0\"><\/iframe><\/p>\n","protected":false},"excerpt":{"rendered":"<p>Avec nos services de massage \u00e0 domicile, vivez une grande exp\u00e9rience de relaxation \u00a0chez vous, ou dans votre chambre d&rsquo;h\u00f4tel \u00e0 Meg\u00e8ve. Vous \u00eates\u00a0en qu\u00eate d\u2019un bien-\u00eatre int\u00e9gral apr\u00e8s une bonne journ\u00e9e de ski, d\u2019escalade ou de randonn\u00e9e ? Nous avons d\u00e9velopp\u00e9 des formules \u00a0qui vous permettent de recevoir un massage \u00e0 domicile ou \u00e0 [&hellip;]<\/p>\n","protected":false},"author":2,"featured_media":8378,"parent":0,"menu_order":0,"comment_status":"closed","ping_status":"open","template":"","meta":[],"yoast_head":"<!-- This site is optimized with the Yoast SEO plugin v17.2 - https:\/\/yoast.com\/wordpress\/plugins\/seo\/ -->\n<title>Massages sur Meg\u00e8ve, \u00e0 domicile, ou \u00e0 votre hotel<\/title>\n<meta name=\"description\" content=\"Avec nos services de massage \u00e0 domicile, vivez une grande exp\u00e9rience de relaxation \u00a0chez vous, ou dans votre chambre d&#039;h\u00f4tel \u00e0 Meg\u00e8ve.\" \/>\n<meta name=\"robots\" content=\"index, follow, max-snippet:-1, max-image-preview:large, max-video-preview:-1\" \/>\n<link rel=\"canonical\" href=\"https:\/\/www.massage-chamonix.com\/fr\/massage-domicile-megeve\/\" \/>\n<meta property=\"og:locale\" content=\"fr_FR\" \/>\n<meta property=\"og:type\" content=\"article\" \/>\n<meta property=\"og:title\" content=\"Massages sur Meg\u00e8ve, \u00e0 domicile, ou \u00e0 votre hotel\" \/>\n<meta property=\"og:description\" content=\"Avec nos services de massage \u00e0 domicile, vivez une grande exp\u00e9rience de relaxation \u00a0chez vous, ou dans votre chambre d&#039;h\u00f4tel \u00e0 Meg\u00e8ve.\" \/>\n<meta property=\"og:url\" content=\"https:\/\/www.massage-chamonix.com\/fr\/massage-domicile-megeve\/\" \/>\n<meta property=\"og:site_name\" content=\"Massage Chamonix\" \/>\n<meta property=\"article:modified_time\" content=\"2016-01-30T10:04:39+00:00\" \/>\n<meta property=\"og:image\" content=\"https:\/\/www.massage-chamonix.com\/wp-content\/uploads\/2016\/01\/massage-megeve.jpg\" \/>\n\t<meta property=\"og:image:width\" content=\"800\" \/>\n\t<meta property=\"og:image:height\" content=\"800\" \/>\n<meta name=\"twitter:label1\" content=\"Dur\u00e9e de lecture est.\" \/>\n\t<meta name=\"twitter:data1\" content=\"2 minutes\" \/>\n<script type=\"application\/ld+json\" class=\"yoast-schema-graph\">{\"@context\":\"https:\/\/schema.org\",\"@graph\":[{\"@type\":\"WebSite\",\"@id\":\"https:\/\/www.massage-chamonix.com\/en\/#website\",\"url\":\"https:\/\/www.massage-chamonix.com\/en\/\",\"name\":\"Massage Chamonix\",\"description\":\"In Chamonix, enjoy a relaxing, revitalising massage at our spa, at your hotel or at your home. We provide mobile massage services in other areas of the Valley such as Les Houches, Bossons, Praz, Lavancher.\",\"potentialAction\":[{\"@type\":\"SearchAction\",\"target\":{\"@type\":\"EntryPoint\",\"urlTemplate\":\"https:\/\/www.massage-chamonix.com\/en\/?s={search_term_string}\"},\"query-input\":\"required name=search_term_string\"}],\"inLanguage\":\"fr-FR\"},{\"@type\":\"ImageObject\",\"@id\":\"https:\/\/www.massage-chamonix.com\/fr\/massage-domicile-megeve\/#primaryimage\",\"inLanguage\":\"fr-FR\",\"url\":\"https:\/\/www.massage-chamonix.com\/wp-content\/uploads\/2016\/01\/massage-megeve.jpg\",\"contentUrl\":\"https:\/\/www.massage-chamonix.com\/wp-content\/uploads\/2016\/01\/massage-megeve.jpg\",\"width\":800,\"height\":800},{\"@type\":\"WebPage\",\"@id\":\"https:\/\/www.massage-chamonix.com\/fr\/massage-domicile-megeve\/#webpage\",\"url\":\"https:\/\/www.massage-chamonix.com\/fr\/massage-domicile-megeve\/\",\"name\":\"Massages sur Meg\\u00e8ve, \\u00e0 domicile, ou \\u00e0 votre hotel\",\"isPartOf\":{\"@id\":\"https:\/\/www.massage-chamonix.com\/en\/#website\"},\"primaryImageOfPage\":{\"@id\":\"https:\/\/www.massage-chamonix.com\/fr\/massage-domicile-megeve\/#primaryimage\"},\"datePublished\":\"2016-01-01T11:57:04+00:00\",\"dateModified\":\"2016-01-30T10:04:39+00:00\",\"description\":\"Avec nos services de massage \\u00e0 domicile, vivez une grande exp\\u00e9rience de relaxation \\u00a0chez vous, ou dans votre chambre d'h\\u00f4tel \\u00e0 Meg\\u00e8ve.\",\"breadcrumb\":{\"@id\":\"https:\/\/www.massage-chamonix.com\/fr\/massage-domicile-megeve\/#breadcrumb\"},\"inLanguage\":\"fr-FR\",\"potentialAction\":[{\"@type\":\"ReadAction\",\"target\":[\"https:\/\/www.massage-chamonix.com\/fr\/massage-domicile-megeve\/\"]}]},{\"@type\":\"BreadcrumbList\",\"@id\":\"https:\/\/www.massage-chamonix.com\/fr\/massage-domicile-megeve\/#breadcrumb\",\"itemListElement\":[{\"@type\":\"ListItem\",\"position\":1,\"name\":\"Home\",\"item\":\"https:\/\/www.massage-chamonix.com\/fr\/\"},{\"@type\":\"ListItem\",\"position\":2,\"name\":\"Massages \\u00e0 Megeve: \\u00e0 votre domicile ou \\u00e0 votre hotel\"}]}]}<\/script>\n<!-- \/ Yoast SEO plugin. -->","yoast_head_json":{"title":"Massages sur Meg\u00e8ve, \u00e0 domicile, ou \u00e0 votre hotel","description":"Avec nos services de massage \u00e0 domicile, vivez une grande exp\u00e9rience de relaxation \u00a0chez vous, ou dans votre chambre d'h\u00f4tel \u00e0 Meg\u00e8ve.","robots":{"index":"index","follow":"follow","max-snippet":"max-snippet:-1","max-image-preview":"max-image-preview:large","max-video-preview":"max-video-preview:-1"},"canonical":"https:\/\/www.massage-chamonix.com\/fr\/massage-domicile-megeve\/","og_locale":"fr_FR","og_type":"article","og_title":"Massages sur Meg\u00e8ve, \u00e0 domicile, ou \u00e0 votre hotel","og_description":"Avec nos services de massage \u00e0 domicile, vivez une grande exp\u00e9rience de relaxation \u00a0chez vous, ou dans votre chambre d'h\u00f4tel \u00e0 Meg\u00e8ve.","og_url":"https:\/\/www.massage-chamonix.com\/fr\/massage-domicile-megeve\/","og_site_name":"Massage Chamonix","article_modified_time":"2016-01-30T10:04:39+00:00","og_image":[{"width":800,"height":800,"url":"https:\/\/www.massage-chamonix.com\/wp-content\/uploads\/2016\/01\/massage-megeve.jpg","path":"\/home\/massagec\/www\/wp-content\/uploads\/2016\/01\/massage-megeve.jpg","size":"full","id":8378,"alt":"","pixels":640000,"type":"image\/jpeg"}],"twitter_misc":{"Dur\u00e9e de lecture est.":"2 minutes"},"schema":{"@context":"https:\/\/schema.org","@graph":[{"@type":"WebSite","@id":"https:\/\/www.massage-chamonix.com\/en\/#website","url":"https:\/\/www.massage-chamonix.com\/en\/","name":"Massage Chamonix","description":"In Chamonix, enjoy a relaxing, revitalising massage at our spa, at your hotel or at your home. We provide mobile massage services in other areas of the Valley such as Les Houches, Bossons, Praz, Lavancher.","potentialAction":[{"@type":"SearchAction","target":{"@type":"EntryPoint","urlTemplate":"https:\/\/www.massage-chamonix.com\/en\/?s={search_term_string}"},"query-input":"required name=search_term_string"}],"inLanguage":"fr-FR"},{"@type":"ImageObject","@id":"https:\/\/www.massage-chamonix.com\/fr\/massage-domicile-megeve\/#primaryimage","inLanguage":"fr-FR","url":"https:\/\/www.massage-chamonix.com\/wp-content\/uploads\/2016\/01\/massage-megeve.jpg","contentUrl":"https:\/\/www.massage-chamonix.com\/wp-content\/uploads\/2016\/01\/massage-megeve.jpg","width":800,"height":800},{"@type":"WebPage","@id":"https:\/\/www.massage-chamonix.com\/fr\/massage-domicile-megeve\/#webpage","url":"https:\/\/www.massage-chamonix.com\/fr\/massage-domicile-megeve\/","name":"Massages sur Meg\u00e8ve, \u00e0 domicile, ou \u00e0 votre hotel","isPartOf":{"@id":"https:\/\/www.massage-chamonix.com\/en\/#website"},"primaryImageOfPage":{"@id":"https:\/\/www.massage-chamonix.com\/fr\/massage-domicile-megeve\/#primaryimage"},"datePublished":"2016-01-01T11:57:04+00:00","dateModified":"2016-01-30T10:04:39+00:00","description":"Avec nos services de massage \u00e0 domicile, vivez une grande exp\u00e9rience de relaxation \u00a0chez vous, ou dans votre chambre d'h\u00f4tel \u00e0 Meg\u00e8ve.","breadcrumb":{"@id":"https:\/\/www.massage-chamonix.com\/fr\/massage-domicile-megeve\/#breadcrumb"},"inLanguage":"fr-FR","potentialAction":[{"@type":"ReadAction","target":["https:\/\/www.massage-chamonix.com\/fr\/massage-domicile-megeve\/"]}]},{"@type":"BreadcrumbList","@id":"https:\/\/www.massage-chamonix.com\/fr\/massage-domicile-megeve\/#breadcrumb","itemListElement":[{"@type":"ListItem","position":1,"name":"Home","item":"https:\/\/www.massage-chamonix.com\/fr\/"},{"@type":"ListItem","position":2,"name":"Massages \u00e0 Megeve: \u00e0 votre domicile ou \u00e0 votre hotel"}]}]}},"_links":{"self":[{"href":"https:\/\/www.massage-chamonix.com\/fr\/wp-json\/wp\/v2\/pages\/8383"}],"collection":[{"href":"https:\/\/www.massage-chamonix.com\/fr\/wp-json\/wp\/v2\/pages"}],"about":[{"href":"https:\/\/www.massage-chamonix.com\/fr\/wp-json\/wp\/v2\/types\/page"}],"author":[{"embeddable":true,"href":"https:\/\/www.massage-chamonix.com\/fr\/wp-json\/wp\/v2\/users\/2"}],"replies":[{"embeddable":true,"href":"https:\/\/www.massage-chamonix.com\/fr\/wp-json\/wp\/v2\/comments?post=8383"}],"version-history":[{"count":12,"href":"https:\/\/www.massage-chamonix.com\/fr\/wp-json\/wp\/v2\/pages\/8383\/revisions"}],"predecessor-version":[{"id":8384,"href":"https:\/\/www.massage-chamonix.com\/fr\/wp-json\/wp\/v2\/pages\/8383\/revisions\/8384"}],"wp:featuredmedia":[{"embeddable":true,"href":"https:\/\/www.massage-chamonix.com\/fr\/wp-json\/wp\/v2\/media\/8378"}],"wp:attachment":[{"href":"https:\/\/www.massage-chamonix.com\/fr\/wp-json\/wp\/v2\/media?parent=8383"}],"curies":[{"name":"wp","href":"https:\/\/api.w.org\/{rel}","templated":true}]}}