{"id":8120,"date":"2011-05-18T14:30:01","date_gmt":"2011-05-18T14:30:01","guid":{"rendered":"https:\/\/www.massage-chamonix.com\/contact-us-2\/"},"modified":"2023-02-13T13:54:46","modified_gmt":"2023-02-13T13:54:46","slug":"contact","status":"publish","type":"page","link":"https:\/\/www.massage-chamonix.com\/fr\/contact\/","title":{"rendered":"R\u00e9servez votre massage"},"content":{"rendered":"<div id='av-layout-grid-1'  class='av-layout-grid-container entry-content-wrapper main_color av-flex-cells     avia-builder-el-0  el_before_av_one_half  avia-builder-el-first  container_wrap sidebar_right' style=' '  >\n<div class=\"flex_cell no_margin av_one_half  avia-builder-el-1  el_before_av_cell_one_half  avia-builder-el-first   avia-full-stretch \"  style='height:426px; min-height:426px;vertical-align:middle; padding:40px 80px 0px 80px ; background-color:#ffffff; ' ><div class='flex_cell_inner' ><p><div  style='padding-bottom:10px; color:#000000;font-size:34px;' class='av-special-heading av-special-heading-h1 custom-color-heading blockquote modern-quote modern-centered  avia-builder-el-2  el_before_av_hr  avia-builder-el-first  av-inherit-size '><h1 class='av-special-heading-tag '  itemprop=\"headline\"  >R\u00e9servez votre massage<\/h1><div class='special-heading-border'><div class='special-heading-inner-border' style='border-color:#000000'><\/div><\/div><\/div><br \/>\n<div  style=' margin-top:20px; margin-bottom:30px;'  class='hr hr-custom hr-center hr-icon-yes   avia-builder-el-3  el_after_av_heading  el_before_av_textblock '><span class='hr-inner  inner-border-av-border-thin' style=' width:50px; border-color:#000000; max-width:45%;' ><span class='hr-inner-style'><\/span><\/span><span class='av-seperator-icon' style='color:#71487c;' aria-hidden='true' data-av_icon='\ue808' data-av_iconfont='entypo-fontello'><\/span><span class='hr-inner  inner-border-av-border-thin' style=' width:50px; border-color:#000000; max-width:45%;' ><span class='hr-inner-style'><\/span><\/span><\/div><br \/>\n<section class=\"av_textblock_section \"  itemscope=\"itemscope\" itemtype=\"https:\/\/schema.org\/CreativeWork\" ><div class='avia_textblock  av_inherit_color '  style='color:#848484; '  itemprop=\"text\" ><p>Si vous souhaitez r\u00e9server un massage pour vous, ou offrir un cadeau exceptionnel et personnel \u00e0 un\/une ami \u2026. pour une occasion sp\u00e9ciale, un anniversaire ou tout simplement comme remerciement, veuillez nous nous contacter par t\u00e9l\u00e9phone ou par email.<\/p>\n<p><strong>Tel.:\u00a006 88 63 36 99 \/ +33 6 88 63 36 99\u00a0<\/strong><\/p>\n<\/div><\/section><br \/>\n<div  style='height:20px' class='hr hr-invisible   avia-builder-el-5  el_after_av_textblock  avia-builder-el-last '><span class='hr-inner ' ><span class='hr-inner-style'><\/span><\/span><\/div><\/p>\n<\/div><\/div><div class=\"flex_cell no_margin av_one_half  avia-builder-el-6  el_after_av_cell_one_half  avia-builder-el-last   \"  style='height:426px; min-height:426px;background:url(https:\/\/www.massage-chamonix.com\/wp-content\/uploads\/2011\/05\/cham-sport32.jpg) top center no-repeat scroll; vertical-align:middle; padding:80px 80px 0px 80px ; background-color:#000000; ' ><div class='flex_cell_inner' ><\/div><\/div>\n<\/div><div id='after_submenu_1'  class='main_color av_default_container_wrap container_wrap sidebar_right' style=' '  ><div class='container' ><div class='template-page content  av-content-small alpha units'><div class='post-entry post-entry-type-page post-entry-8120'><div class='entry-content-wrapper clearfix'>\n<div class=\"flex_column av_one_half  flex_column_div av-zero-column-padding first  avia-builder-el-7  el_after_av_layout_row  el_before_av_one_half  avia-builder-el-first  \" style='border-radius:0px; '><p><div  style='padding-bottom:30px; font-size:32px;' class='av-special-heading av-special-heading-h2  blockquote modern-quote modern-centered  avia-builder-el-8  el_before_av_contact  avia-builder-el-first  av-inherit-size '><h2 class='av-special-heading-tag '  itemprop=\"headline\"  >Rendez-vous par email<\/h2><div class='special-heading-border'><div class='special-heading-inner-border' ><\/div><\/div><\/div><br \/>\n<form action=\"https:\/\/www.massage-chamonix.com\/fr\/contact\/\" method=\"post\"  class=\"avia_ajax_form av-form-labels-visible   avia-builder-el-9  el_after_av_heading  avia-builder-el-last   \" data-avia-form-id=\"1\" data-avia-redirect='' ><fieldset><p class='  first_form  form_element form_fullwidth' id='element_avia_1_1'><label for=\"avia_1_1\">Nom <abbr class=\"required\" title=\"requis\">*<\/abbr><\/label> <input name=\"avia_1_1\" class=\"text_input is_empty\" type=\"text\" id=\"avia_1_1\" value=\"\" \/><\/p><p class='  first_form  form_element form_fullwidth' id='element_avia_2_1'><label for=\"avia_2_1\">E-Mail <abbr class=\"required\" title=\"requis\">*<\/abbr><\/label> <input name=\"avia_2_1\" class=\"text_input is_email\" type=\"text\" id=\"avia_2_1\" value=\"\" \/><\/p><p class='  first_form  form_element form_fullwidth' id='element_avia_3_1'><label for=\"avia_3_1\">Objet <abbr class=\"required\" title=\"requis\">*<\/abbr><\/label> <input name=\"avia_3_1\" class=\"text_input is_empty\" type=\"text\" id=\"avia_3_1\" value=\"\" \/><\/p><p class='  first_form  form_element form_fullwidth' id='element_avia_4_1'><label for=\"avia_4_1\" class=\"textare_label hidden textare_label_avia_4_1\">Message <abbr class=\"required\" title=\"requis\">*<\/abbr><\/label><textarea  name=\"avia_4_1\" class=\"text_area is_empty\" cols=\"40\" rows=\"7\" id=\"avia_4_1\" ><\/textarea><\/p><p class=\"hidden\"><input type=\"text\" name=\"avia_5_1\" class=\"hidden \" id=\"avia_5_1\" value=\"\" \/><\/p><div id='avia_6_1' class='av-recaptcha-area  first_form  form_element form_fullwidth '  data-container_class=\"\" data-custom_class=\"\" data-context=\"av_contact_form\" data-token_input=\"av_recaptcha_token\" data-version=\"avia_recaptcha_v2\" data-theme=\"light\" data-size=\"normal\" data-score=\"0.5\" data-text_to_preview=\"\" data-value=\"\"><div class=\"av-google-badge-message hidden\">This site is protected by reCAPTCHA and the Google <a href=\"https:\/\/policies.google.com\/privacy\">Privacy Policy<\/a> and <a href=\"https:\/\/policies.google.com\/terms\">Terms of Service<\/a> apply.<\/div><\/div><p class=\"form_element \"><input type=\"hidden\" value=\"1\" name=\"avia_generated_form1\" \/><input type=\"submit\" value=\"Envoyer\" class=\"button\"  data-sending-label=\"Envoi\"\/><\/p><\/fieldset><div class=\"avia-disabled-form\">This contact form is deactivated because you refused to accept Google reCaptcha service which is necessary to validate any messages sent by the form.<\/div><\/form><div id=\"ajaxresponse_1\" class=\"ajaxresponse ajaxresponse_1 hidden\"><\/div><\/p><\/div><div class=\"flex_column av_one_half  flex_column_div av-zero-column-padding   avia-builder-el-10  el_after_av_one_half  el_before_av_layout_row  avia-builder-el-last  \" style='border-radius:0px; '><p><div  style='padding-bottom:30px; font-size:32px;' class='av-special-heading av-special-heading-h2  blockquote modern-quote modern-centered  avia-builder-el-11  el_before_av_textblock  avia-builder-el-first  av-inherit-size '><h2 class='av-special-heading-tag '  itemprop=\"headline\"  >Rendez-vous par t\u00e9l\u00e9phone<\/h2><div class='special-heading-border'><div class='special-heading-inner-border' ><\/div><\/div><\/div><br \/>\n<section class=\"av_textblock_section \"  itemscope=\"itemscope\" itemtype=\"https:\/\/schema.org\/CreativeWork\" ><div class='avia_textblock  '   itemprop=\"text\" ><p>Massage Chamonix &#8211;<br \/>\n65 rue des moulins 1er \u00e9tage 74400 Chamonix<\/p>\n<p>tel.:\u00a0<strong>06 88 63 36 99 \/ +33 6 88 63 36 99\u00a0<\/strong><br \/>\nmail: info@massage-chamonix.com<\/p>\n<p><strong>Uniquement sur rendez-vous<\/strong><\/p>\n<\/div><\/section><br \/>\n<\/p><\/div><\/p>\n<\/div><\/div><\/div><!-- close content main div --><\/div><\/div><div id='av-layout-grid-2'  class='av-layout-grid-container entry-content-wrapper main_color av-flex-cells     avia-builder-el-14  el_after_av_one_half  avia-builder-el-last  submenu-not-first container_wrap sidebar_right' style=' '  >\n<div class=\"flex_cell no_margin av_one_half  avia-builder-el-15  el_before_av_cell_one_half  avia-builder-el-first   \"  style='height:300px; min-height:300px;vertical-align:middle; padding:20px 80px 0px 80px ; background-color:#efefef; ' ><div class='flex_cell_inner' ><p><div  style='padding-bottom:20px; font-size:24px;' class='av-special-heading av-special-heading-h3  blockquote modern-quote  avia-builder-el-16  el_before_av_textblock  avia-builder-el-first  av-inherit-size '><h3 class='av-special-heading-tag '  itemprop=\"headline\"  >R\u00e9servez votre massage<\/h3><div class='special-heading-border'><div class='special-heading-inner-border' ><\/div><\/div><\/div><br \/>\n<section class=\"av_textblock_section \"  itemscope=\"itemscope\" itemtype=\"https:\/\/schema.org\/CreativeWork\" ><div class='avia_textblock  '   itemprop=\"text\" ><div class=\"textwidget\"><strong>Deux fa\u00e7ons de r\u00e9server votre massage avec massage-chamonix.com:\u00a0<\/strong>(composer le 00 33 6 88 63 36 99 depuis l&rsquo;\u00e9tranger)<\/div>\n<\/div><\/section><br \/>\n<div  style='height:20px' class='hr hr-invisible   avia-builder-el-18  el_after_av_textblock  el_before_av_button '><span class='hr-inner ' ><span class='hr-inner-style'><\/span><\/span><\/div><br \/>\n<div  class='avia-button-wrap avia-button-left  avia-builder-el-19  el_after_av_hr  el_before_av_button ' ><a href='tel:003368863699'  class='avia-button   avia-icon_select-yes-left-icon avia-size-medium avia-position-left '  style='background-color:#918dbc; border-color:#918dbc; color:#ffffff; ' ><span class='avia_button_icon avia_button_icon_left ' aria-hidden='true' data-av_icon='\ue854' data-av_iconfont='entypo-fontello'><\/span><span class='avia_iconbox_title' >Appelez-nous<\/br>06 88 63 36 99<\/span><\/a><\/div><br \/>\n<div  class='avia-button-wrap avia-button-right  avia-builder-el-20  el_after_av_button  avia-builder-el-last ' ><a href='https:\/\/www.massage-chamonix.com\/fr\/massages\/aromatherapie\/'  class='avia-button   avia-icon_select-yes-left-icon avia-size-medium avia-position-right '  style='background-color:#d6adb7; border-color:#d6adb7; color:#ffffff; ' ><span class='avia_button_icon avia_button_icon_left ' aria-hidden='true' data-av_icon='\ue805' data-av_iconfont='entypo-fontello'><\/span><span class='avia_iconbox_title' >Prendre en rendez-vous <\/br>en ligne<\/span><\/a><\/div><\/p>\n<\/div><\/div><div class=\"flex_cell no_margin av_one_half  avia-builder-el-21  el_after_av_cell_one_half  avia-builder-el-last   \"  style='height:300px; min-height:300px;vertical-align:middle; padding:20px 80px 0px 80px ; background-color:#dddddd; ' ><div class='flex_cell_inner' ><p><div  style='padding-bottom:20px; font-size:24px;' class='av-special-heading av-special-heading-h3  blockquote modern-quote  avia-builder-el-22  el_before_av_textblock  avia-builder-el-first  av-inherit-size '><h3 class='av-special-heading-tag '  itemprop=\"headline\"  >Des massages r\u00e9alis\u00e9s avec des huiles \u00e9cologiques<\/h3><div class='special-heading-border'><div class='special-heading-inner-border' ><\/div><\/div><\/div><br \/>\n<section class=\"av_textblock_section \"  itemscope=\"itemscope\" itemtype=\"https:\/\/schema.org\/CreativeWork\" ><div class='avia_textblock  '   itemprop=\"text\" ><p><img loading=\"lazy\" class=\"imgclass wp-image-7763 alignleft\" src=\"https:\/\/www.massage-chamonix.com\/wp-content\/uploads\/2017\/08\/huiles_essentielles_sm3.jpg\" alt=\"\" width=\"132\" height=\"169\" \/><\/p>\n<div class=\"textwidget\">Nous n&rsquo;utilisons que des huiles v\u00e9g\u00e9tales et huiles essentielles biologiques pour des massages plaisants et d&rsquo;une grande qualit\u00e9.<\/div>\n<div class=\"textwidget\"><strong>Les massages que nous proposons sont \u00e0 but non th\u00e9rapeutique ni m\u00e9dical.<\/strong><\/div>\n<\/div><\/section><\/p>\n<\/div><\/div>\n<\/div>\n","protected":false},"excerpt":{"rendered":"","protected":false},"author":2,"featured_media":8287,"parent":0,"menu_order":50,"comment_status":"closed","ping_status":"closed","template":"","meta":[],"yoast_head":"<!-- This site is optimized with the Yoast SEO plugin v17.2 - https:\/\/yoast.com\/wordpress\/plugins\/seo\/ -->\n<title>R\u00e9servez votre massage \u00e0 Chamonix<\/title>\n<meta name=\"description\" content=\"Si vous souhaitez r\u00e9server un massage pour vous m\u00eame ou pour un \u00eatre cher, vous pouvez r\u00e9server par t\u00e9l\u00e9phone ou par email.\" \/>\n<meta name=\"robots\" content=\"index, follow, max-snippet:-1, max-image-preview:large, max-video-preview:-1\" \/>\n<link rel=\"canonical\" href=\"https:\/\/www.massage-chamonix.com\/fr\/contact\/\" \/>\n<meta property=\"og:locale\" content=\"fr_FR\" \/>\n<meta property=\"og:type\" content=\"article\" \/>\n<meta property=\"og:title\" content=\"R\u00e9servez votre massage \u00e0 Chamonix\" \/>\n<meta property=\"og:description\" content=\"Si vous souhaitez r\u00e9server un massage pour vous m\u00eame ou pour un \u00eatre cher, vous pouvez r\u00e9server par t\u00e9l\u00e9phone ou par email.\" \/>\n<meta property=\"og:url\" content=\"https:\/\/www.massage-chamonix.com\/fr\/contact\/\" \/>\n<meta property=\"og:site_name\" content=\"Massage Chamonix\" \/>\n<meta property=\"article:modified_time\" content=\"2023-02-13T13:54:46+00:00\" \/>\n<meta property=\"og:image\" content=\"https:\/\/www.massage-chamonix.com\/wp-content\/uploads\/2011\/05\/cham-sport32.jpg\" \/>\n\t<meta property=\"og:image:width\" content=\"450\" \/>\n\t<meta property=\"og:image:height\" content=\"426\" \/>\n<meta name=\"twitter:label1\" content=\"Dur\u00e9e de lecture est.\" \/>\n\t<meta name=\"twitter:data1\" content=\"3 minutes\" \/>\n<script type=\"application\/ld+json\" class=\"yoast-schema-graph\">{\"@context\":\"https:\/\/schema.org\",\"@graph\":[{\"@type\":\"WebSite\",\"@id\":\"https:\/\/www.massage-chamonix.com\/en\/#website\",\"url\":\"https:\/\/www.massage-chamonix.com\/en\/\",\"name\":\"Massage Chamonix\",\"description\":\"In Chamonix, enjoy a relaxing, revitalising massage at our spa, at your hotel or at your home. We provide mobile massage services in other areas of the Valley such as Les Houches, Bossons, Praz, Lavancher.\",\"potentialAction\":[{\"@type\":\"SearchAction\",\"target\":{\"@type\":\"EntryPoint\",\"urlTemplate\":\"https:\/\/www.massage-chamonix.com\/en\/?s={search_term_string}\"},\"query-input\":\"required name=search_term_string\"}],\"inLanguage\":\"fr-FR\"},{\"@type\":\"ImageObject\",\"@id\":\"https:\/\/www.massage-chamonix.com\/fr\/contact\/#primaryimage\",\"inLanguage\":\"fr-FR\",\"url\":\"https:\/\/www.massage-chamonix.com\/wp-content\/uploads\/2011\/05\/cham-sport32.jpg\",\"contentUrl\":\"https:\/\/www.massage-chamonix.com\/wp-content\/uploads\/2011\/05\/cham-sport32.jpg\",\"width\":450,\"height\":426},{\"@type\":\"WebPage\",\"@id\":\"https:\/\/www.massage-chamonix.com\/fr\/contact\/#webpage\",\"url\":\"https:\/\/www.massage-chamonix.com\/fr\/contact\/\",\"name\":\"R\\u00e9servez votre massage \\u00e0 Chamonix\",\"isPartOf\":{\"@id\":\"https:\/\/www.massage-chamonix.com\/en\/#website\"},\"primaryImageOfPage\":{\"@id\":\"https:\/\/www.massage-chamonix.com\/fr\/contact\/#primaryimage\"},\"datePublished\":\"2011-05-18T14:30:01+00:00\",\"dateModified\":\"2023-02-13T13:54:46+00:00\",\"description\":\"Si vous souhaitez r\\u00e9server un massage pour vous m\\u00eame ou pour un \\u00eatre cher, vous pouvez r\\u00e9server par t\\u00e9l\\u00e9phone ou par email.\",\"breadcrumb\":{\"@id\":\"https:\/\/www.massage-chamonix.com\/fr\/contact\/#breadcrumb\"},\"inLanguage\":\"fr-FR\",\"potentialAction\":[{\"@type\":\"ReadAction\",\"target\":[\"https:\/\/www.massage-chamonix.com\/fr\/contact\/\"]}]},{\"@type\":\"BreadcrumbList\",\"@id\":\"https:\/\/www.massage-chamonix.com\/fr\/contact\/#breadcrumb\",\"itemListElement\":[{\"@type\":\"ListItem\",\"position\":1,\"name\":\"Home\",\"item\":\"https:\/\/www.massage-chamonix.com\/fr\/\"},{\"@type\":\"ListItem\",\"position\":2,\"name\":\"R\\u00e9servez votre massage\"}]}]}<\/script>\n<!-- \/ Yoast SEO plugin. -->","yoast_head_json":{"title":"R\u00e9servez votre massage \u00e0 Chamonix","description":"Si vous souhaitez r\u00e9server un massage pour vous m\u00eame ou pour un \u00eatre cher, vous pouvez r\u00e9server par t\u00e9l\u00e9phone ou par email.","robots":{"index":"index","follow":"follow","max-snippet":"max-snippet:-1","max-image-preview":"max-image-preview:large","max-video-preview":"max-video-preview:-1"},"canonical":"https:\/\/www.massage-chamonix.com\/fr\/contact\/","og_locale":"fr_FR","og_type":"article","og_title":"R\u00e9servez votre massage \u00e0 Chamonix","og_description":"Si vous souhaitez r\u00e9server un massage pour vous m\u00eame ou pour un \u00eatre cher, vous pouvez r\u00e9server par t\u00e9l\u00e9phone ou par email.","og_url":"https:\/\/www.massage-chamonix.com\/fr\/contact\/","og_site_name":"Massage Chamonix","article_modified_time":"2023-02-13T13:54:46+00:00","og_image":[{"width":450,"height":426,"url":"https:\/\/www.massage-chamonix.com\/wp-content\/uploads\/2011\/05\/cham-sport32.jpg","path":"\/home\/massagec\/www\/wp-content\/uploads\/2011\/05\/cham-sport32.jpg","size":"full","id":8287,"alt":"","pixels":191700,"type":"image\/jpeg"}],"twitter_misc":{"Dur\u00e9e de lecture est.":"3 minutes"},"schema":{"@context":"https:\/\/schema.org","@graph":[{"@type":"WebSite","@id":"https:\/\/www.massage-chamonix.com\/en\/#website","url":"https:\/\/www.massage-chamonix.com\/en\/","name":"Massage Chamonix","description":"In Chamonix, enjoy a relaxing, revitalising massage at our spa, at your hotel or at your home. We provide mobile massage services in other areas of the Valley such as Les Houches, Bossons, Praz, Lavancher.","potentialAction":[{"@type":"SearchAction","target":{"@type":"EntryPoint","urlTemplate":"https:\/\/www.massage-chamonix.com\/en\/?s={search_term_string}"},"query-input":"required name=search_term_string"}],"inLanguage":"fr-FR"},{"@type":"ImageObject","@id":"https:\/\/www.massage-chamonix.com\/fr\/contact\/#primaryimage","inLanguage":"fr-FR","url":"https:\/\/www.massage-chamonix.com\/wp-content\/uploads\/2011\/05\/cham-sport32.jpg","contentUrl":"https:\/\/www.massage-chamonix.com\/wp-content\/uploads\/2011\/05\/cham-sport32.jpg","width":450,"height":426},{"@type":"WebPage","@id":"https:\/\/www.massage-chamonix.com\/fr\/contact\/#webpage","url":"https:\/\/www.massage-chamonix.com\/fr\/contact\/","name":"R\u00e9servez votre massage \u00e0 Chamonix","isPartOf":{"@id":"https:\/\/www.massage-chamonix.com\/en\/#website"},"primaryImageOfPage":{"@id":"https:\/\/www.massage-chamonix.com\/fr\/contact\/#primaryimage"},"datePublished":"2011-05-18T14:30:01+00:00","dateModified":"2023-02-13T13:54:46+00:00","description":"Si vous souhaitez r\u00e9server un massage pour vous m\u00eame ou pour un \u00eatre cher, vous pouvez r\u00e9server par t\u00e9l\u00e9phone ou par email.","breadcrumb":{"@id":"https:\/\/www.massage-chamonix.com\/fr\/contact\/#breadcrumb"},"inLanguage":"fr-FR","potentialAction":[{"@type":"ReadAction","target":["https:\/\/www.massage-chamonix.com\/fr\/contact\/"]}]},{"@type":"BreadcrumbList","@id":"https:\/\/www.massage-chamonix.com\/fr\/contact\/#breadcrumb","itemListElement":[{"@type":"ListItem","position":1,"name":"Home","item":"https:\/\/www.massage-chamonix.com\/fr\/"},{"@type":"ListItem","position":2,"name":"R\u00e9servez votre massage"}]}]}},"_links":{"self":[{"href":"https:\/\/www.massage-chamonix.com\/fr\/wp-json\/wp\/v2\/pages\/8120"}],"collection":[{"href":"https:\/\/www.massage-chamonix.com\/fr\/wp-json\/wp\/v2\/pages"}],"about":[{"href":"https:\/\/www.massage-chamonix.com\/fr\/wp-json\/wp\/v2\/types\/page"}],"author":[{"embeddable":true,"href":"https:\/\/www.massage-chamonix.com\/fr\/wp-json\/wp\/v2\/users\/2"}],"replies":[{"embeddable":true,"href":"https:\/\/www.massage-chamonix.com\/fr\/wp-json\/wp\/v2\/comments?post=8120"}],"version-history":[{"count":27,"href":"https:\/\/www.massage-chamonix.com\/fr\/wp-json\/wp\/v2\/pages\/8120\/revisions"}],"predecessor-version":[{"id":9242,"href":"https:\/\/www.massage-chamonix.com\/fr\/wp-json\/wp\/v2\/pages\/8120\/revisions\/9242"}],"wp:featuredmedia":[{"embeddable":true,"href":"https:\/\/www.massage-chamonix.com\/fr\/wp-json\/wp\/v2\/media\/8287"}],"wp:attachment":[{"href":"https:\/\/www.massage-chamonix.com\/fr\/wp-json\/wp\/v2\/media?parent=8120"}],"curies":[{"name":"wp","href":"https:\/\/api.w.org\/{rel}","templated":true}]}}