{"id":8079,"date":"2013-07-30T20:28:17","date_gmt":"2013-07-30T20:28:17","guid":{"rendered":"https:\/\/www.massage-chamonix.com\/massages\/prices\/"},"modified":"2021-09-24T15:03:12","modified_gmt":"2021-09-24T15:03:12","slug":"prix","status":"publish","type":"page","link":"https:\/\/www.massage-chamonix.com\/fr\/massages\/prix\/","title":{"rendered":"Tarifs de nos massages \u00e0 Chamonix"},"content":{"rendered":"<div id='av-layout-grid-1'  class='av-layout-grid-container entry-content-wrapper main_color av-flex-cells     avia-builder-el-0  el_before_av_section  avia-builder-el-first  container_wrap sidebar_right' style=' '  >\n<div class=\"flex_cell no_margin av_one_half  avia-builder-el-1  el_before_av_cell_one_half  avia-builder-el-first   avia-full-stretch \"  style='height:426px; min-height:426px;vertical-align:middle; padding:40px 80px 0px 80px ; background-color:#ffffff; ' ><div class='flex_cell_inner' ><p><div  style='padding-bottom:10px; color:#000000;font-size:34px;' class='av-special-heading av-special-heading-h1 custom-color-heading blockquote modern-quote modern-centered  avia-builder-el-2  el_before_av_hr  avia-builder-el-first  av-inherit-size '><h1 class='av-special-heading-tag '  itemprop=\"headline\"  >Tarifs de nos services de massage<\/h1><div class='special-heading-border'><div class='special-heading-inner-border' style='border-color:#000000'><\/div><\/div><\/div><br \/>\n<div  style=' margin-top:20px; margin-bottom:30px;'  class='hr hr-custom hr-center hr-icon-yes   avia-builder-el-3  el_after_av_heading  el_before_av_textblock '><span class='hr-inner  inner-border-av-border-thin' style=' width:50px; border-color:#000000; max-width:45%;' ><span class='hr-inner-style'><\/span><\/span><span class='av-seperator-icon' style='color:#71487c;' aria-hidden='true' data-av_icon='\ue808' data-av_iconfont='entypo-fontello'><\/span><span class='hr-inner  inner-border-av-border-thin' style=' width:50px; border-color:#000000; max-width:45%;' ><span class='hr-inner-style'><\/span><\/span><\/div><br \/>\n<section class=\"av_textblock_section \"  itemscope=\"itemscope\" itemtype=\"https:\/\/schema.org\/CreativeWork\" ><div class='avia_textblock  av_inherit_color '  style='color:#848484; '  itemprop=\"text\" ><div class=\"cllist\">\n<div class=\"result-dict-wrapper\">\n<div class=\"result\">\n<div class=\"text-wrap\">\n<div class=\"result-shield-container\"><span class=\"translation\">Nos services sont aussi comp\u00e9titifs que possible. Nous sommes convaincus que nous offrons un rapport qualit\u00e9-prix exceptionnel. Les prix varient en fonction de la dur\u00e9e et du type de massage\u00a0et de l\u2019endroit o\u00fa ils seront propos\u00e9s. Le tarif commence \u00e0 45 \u20ac pour une s\u00e9ance de 30 mn.<\/span><\/div>\n<div><\/div>\n<div class=\"result-shield-container\"><span class=\"translation\">Nous nous effor\u00e7ons d&rsquo;apporter la meilleure exp\u00e9rience de massage possible. Notre masseuse arrive \u00e0 l&rsquo;heure pour\u00a0 un massage de qualit\u00e9 personnalis\u00e9 et sp\u00e9cifiquement adapt\u00e9 \u00e0 vos besoins.<\/span><\/div>\n<\/div>\n<\/div>\n<\/div>\n<\/div>\n<\/div><\/section><br \/>\n<div  style='height:20px' class='hr hr-invisible   avia-builder-el-5  el_after_av_textblock  avia-builder-el-last '><span class='hr-inner ' ><span class='hr-inner-style'><\/span><\/span><\/div><\/p>\n<\/div><\/div><div class=\"flex_cell no_margin av_one_half  avia-builder-el-6  el_after_av_cell_one_half  avia-builder-el-last   \"  style='height:426px; min-height:426px;background:url(https:\/\/www.massage-chamonix.com\/wp-content\/uploads\/2013\/07\/massage-in-chamonix.jpg) top center no-repeat scroll; vertical-align:middle; padding:80px 80px 0px 80px ; background-color:#000000; ' ><div class='flex_cell_inner' ><\/div><\/div>\n<\/div>\n<div id='av_section_1'  class='avia-section main_color avia-section-default avia-no-shadow  avia-bg-style-scroll  avia-builder-el-7  el_after_av_layout_row  el_before_av_layout_row   container_wrap sidebar_right' style='background-color: #f4f4f4;  '  ><div class='container' ><div class='template-page content  av-content-small alpha units'><div class='post-entry post-entry-type-page post-entry-8079'><div class='entry-content-wrapper clearfix'>\n<div  style='padding-bottom:30px; font-size:32px;' class='av-special-heading av-special-heading-h2  blockquote modern-quote modern-centered  avia-builder-el-8  el_before_av_textblock  avia-builder-el-first  av-inherit-size '><h2 class='av-special-heading-tag '  itemprop=\"headline\"  >D\u00e9tail de nos tarifs<\/h2><div class='special-heading-border'><div class='special-heading-inner-border' ><\/div><\/div><\/div>\n<section class=\"av_textblock_section \"  itemscope=\"itemscope\" itemtype=\"https:\/\/schema.org\/CreativeWork\" ><div class='avia_textblock  '   itemprop=\"text\" ><h3><\/h3>\n<p>A partir de 45 \u20ac pour 30 min \/ session . Vous pouvez appeler Anne de Sampigny pour r\u00e9server votre massage. Tel 06 88 63 36 99.<\/p>\n<p>Nous n\u2019utilisons que des huiles v\u00e9g\u00e9tales et huiles essentielles biologiques pour des massages plaisants et d\u2019une grande qualit\u00e9.Votre masseuse apportera tout le mat\u00e9riel n\u00e9cessaire pour le massage que vous souhaitez recevoir \u00e0 votre hotel.<\/p>\n<table class=\"style2\">\n<thead>\n<tr>\n<th><\/th>\n<th>30 mn<\/th>\n<th>60 mn<\/th>\n<th>90 mn<\/th>\n<th>120 mn<\/th>\n<\/tr>\n<\/thead>\n<tbody>\n<tr>\n<th>Massage relaxation<\/th>\n<td>45 \u20ac (cabinet uniquement)<\/td>\n<td>80 \u20ac<\/td>\n<td>110 \u20ac<\/td>\n<td>150 \u20ac<\/td>\n<\/tr>\n<tr>\n<th>Massage d\u00e9contracturant<\/th>\n<td>50 \u20ac (cabinet uniquement)<\/td>\n<td>85 \u20ac<\/td>\n<td>120 \u20ac<\/td>\n<td>160 \u20ac<\/td>\n<\/tr>\n<\/tbody>\n<\/table>\n<\/div><\/section>\n<\/div><\/div><\/div><!-- close content main div --><\/div><\/div><div id='av-layout-grid-2'  class='av-layout-grid-container entry-content-wrapper main_color av-flex-cells     avia-builder-el-10  el_after_av_section  avia-builder-el-last  submenu-not-first container_wrap sidebar_right' style=' '  >\n<div class=\"flex_cell no_margin av_one_half  avia-builder-el-11  el_before_av_cell_one_half  avia-builder-el-first   \"  style='height:300px; min-height:300px;vertical-align:middle; padding:20px 80px 0px 80px ; background-color:#efefef; ' ><div class='flex_cell_inner' ><p><div  style='padding-bottom:20px; font-size:24px;' class='av-special-heading av-special-heading-h3  blockquote modern-quote  avia-builder-el-12  el_before_av_textblock  avia-builder-el-first  av-inherit-size '><h3 class='av-special-heading-tag '  itemprop=\"headline\"  >R\u00e9servez votre massage<\/h3><div class='special-heading-border'><div class='special-heading-inner-border' ><\/div><\/div><\/div><br \/>\n<section class=\"av_textblock_section \"  itemscope=\"itemscope\" itemtype=\"https:\/\/schema.org\/CreativeWork\" ><div class='avia_textblock  '   itemprop=\"text\" ><div class=\"textwidget\"><strong>Deux fa\u00e7ons de r\u00e9server votre massage avec massage-chamonix.com:\u00a0<\/strong>(composer le 00 33 6 88 63 36 99 depuis l&rsquo;\u00e9tranger)<\/div>\n<\/div><\/section><br \/>\n<div  style='height:20px' class='hr hr-invisible   avia-builder-el-14  el_after_av_textblock  el_before_av_button '><span class='hr-inner ' ><span class='hr-inner-style'><\/span><\/span><\/div><br \/>\n<div  class='avia-button-wrap avia-button-left  avia-builder-el-15  el_after_av_hr  el_before_av_button ' ><a href='tel:003368863699'  class='avia-button   avia-icon_select-yes-left-icon avia-size-medium avia-position-left '  style='background-color:#918dbc; border-color:#918dbc; color:#ffffff; ' ><span class='avia_button_icon avia_button_icon_left ' aria-hidden='true' data-av_icon='\ue854' data-av_iconfont='entypo-fontello'><\/span><span class='avia_iconbox_title' >Appelez-nous<\/br>06 88 63 36 99<\/span><\/a><\/div><br \/>\n<div  class='avia-button-wrap avia-button-right  avia-builder-el-16  el_after_av_button  avia-builder-el-last ' ><a href='https:\/\/www.massage-chamonix.com\/fr\/massages\/aromatherapie\/'  class='avia-button   avia-icon_select-yes-left-icon avia-size-medium avia-position-right '  style='background-color:#d6adb7; border-color:#d6adb7; color:#ffffff; ' ><span class='avia_button_icon avia_button_icon_left ' aria-hidden='true' data-av_icon='\ue805' data-av_iconfont='entypo-fontello'><\/span><span class='avia_iconbox_title' >Prendre en rendez-vous <\/br>en ligne<\/span><\/a><\/div><\/p>\n<\/div><\/div><div class=\"flex_cell no_margin av_one_half  avia-builder-el-17  el_after_av_cell_one_half  avia-builder-el-last   \"  style='height:300px; min-height:300px;vertical-align:middle; padding:20px 80px 0px 80px ; background-color:#dddddd; ' ><div class='flex_cell_inner' ><p><div  style='padding-bottom:20px; font-size:24px;' class='av-special-heading av-special-heading-h3  blockquote modern-quote  avia-builder-el-18  el_before_av_textblock  avia-builder-el-first  av-inherit-size '><h3 class='av-special-heading-tag '  itemprop=\"headline\"  >Des massages r\u00e9alis\u00e9s avec des huiles \u00e9cologiques<\/h3><div class='special-heading-border'><div class='special-heading-inner-border' ><\/div><\/div><\/div><br \/>\n<section class=\"av_textblock_section \"  itemscope=\"itemscope\" itemtype=\"https:\/\/schema.org\/CreativeWork\" ><div class='avia_textblock  '   itemprop=\"text\" ><p><img loading=\"lazy\" class=\"imgclass alignleft wp-image-7763\" src=\"https:\/\/www.massage-chamonix.com\/wp-content\/uploads\/2012\/09\/photo-gigi-small.jpg\" alt=\"\" width=\"112\" height=\"169\" \/><\/p>\n<div class=\"textwidget\"><\/div>\n<div>D\u00e9tendez-vous etrelaxez-vous pendant nos massages. Vous apaiserez votre corps et votre esprit, et serez trasnport\u00e9 dans un \u00e9tat de relaxation paisible. Choisissez parmi notre liste le massages de vos r\u00eaves. Nous n&rsquo;offrons pas de massages m\u00e9dicaux, para-m\u00e9dicaux ou th\u00e9rapeutiques.<\/div>\n<\/div><\/section><br \/>\n<section class=\"av_textblock_section \"  itemscope=\"itemscope\" itemtype=\"https:\/\/schema.org\/CreativeWork\" ><div class='avia_textblock  '   itemprop=\"text\" ><p><img loading=\"lazy\" class=\"imgclass wp-image-7763 alignleft\" src=\"https:\/\/www.massage-chamonix.com\/wp-content\/uploads\/2017\/08\/huiles_essentielles_sm3.jpg\" alt=\"\" width=\"132\" height=\"169\" \/><\/p>\n<div class=\"textwidget\">Nous n&rsquo;utilisons que des huiles v\u00e9g\u00e9tales et huiles essentielles biologiques pour des massages plaisants et d&rsquo;une grande qualit\u00e9.<\/div>\n<div class=\"textwidget\"><strong>Les massages que nous proposons sont \u00e0 but non th\u00e9rapeutique ni m\u00e9dical.<\/strong><\/div>\n<\/div><\/section><\/p>\n<\/div><\/div>\n<\/div><\/p>\n","protected":false},"excerpt":{"rendered":"","protected":false},"author":2,"featured_media":8234,"parent":8061,"menu_order":0,"comment_status":"closed","ping_status":"open","template":"","meta":[],"yoast_head":"<!-- This site is optimized with the Yoast SEO plugin v17.2 - https:\/\/yoast.com\/wordpress\/plugins\/seo\/ -->\n<title>Tarifs de nos massages \u00e0 Chamonix - Massage Chamonix<\/title>\n<meta name=\"description\" content=\"Le prix varie selon le temps consacr\u00e9 au massage (de 30 mn \u00e0 1h30) et l&#039;endroit o\u00f9 il est r\u00e9alis\u00e9.\" \/>\n<meta name=\"robots\" content=\"index, follow, max-snippet:-1, max-image-preview:large, max-video-preview:-1\" \/>\n<link rel=\"canonical\" href=\"https:\/\/www.massage-chamonix.com\/fr\/massages\/prix\/\" \/>\n<meta property=\"og:locale\" content=\"fr_FR\" \/>\n<meta property=\"og:type\" content=\"article\" \/>\n<meta property=\"og:title\" content=\"Tarifs de nos massages \u00e0 Chamonix - Massage Chamonix\" \/>\n<meta property=\"og:description\" content=\"Le prix varie selon le temps consacr\u00e9 au massage (de 30 mn \u00e0 1h30) et l&#039;endroit o\u00f9 il est r\u00e9alis\u00e9.\" \/>\n<meta property=\"og:url\" content=\"https:\/\/www.massage-chamonix.com\/fr\/massages\/prix\/\" \/>\n<meta property=\"og:site_name\" content=\"Massage Chamonix\" \/>\n<meta property=\"article:modified_time\" content=\"2021-09-24T15:03:12+00:00\" \/>\n<meta property=\"og:image\" content=\"https:\/\/www.massage-chamonix.com\/wp-content\/uploads\/2013\/07\/cham-mssage11.jpg\" \/>\n\t<meta property=\"og:image:width\" content=\"450\" \/>\n\t<meta property=\"og:image:height\" content=\"426\" \/>\n<meta name=\"twitter:label1\" content=\"Dur\u00e9e de lecture est.\" \/>\n\t<meta name=\"twitter:data1\" content=\"4 minutes\" \/>\n<script type=\"application\/ld+json\" class=\"yoast-schema-graph\">{\"@context\":\"https:\/\/schema.org\",\"@graph\":[{\"@type\":\"WebSite\",\"@id\":\"https:\/\/www.massage-chamonix.com\/en\/#website\",\"url\":\"https:\/\/www.massage-chamonix.com\/en\/\",\"name\":\"Massage Chamonix\",\"description\":\"In Chamonix, enjoy a relaxing, revitalising massage at our spa, at your hotel or at your home. We provide mobile massage services in other areas of the Valley such as Les Houches, Bossons, Praz, Lavancher.\",\"potentialAction\":[{\"@type\":\"SearchAction\",\"target\":{\"@type\":\"EntryPoint\",\"urlTemplate\":\"https:\/\/www.massage-chamonix.com\/en\/?s={search_term_string}\"},\"query-input\":\"required name=search_term_string\"}],\"inLanguage\":\"fr-FR\"},{\"@type\":\"ImageObject\",\"@id\":\"https:\/\/www.massage-chamonix.com\/fr\/massages\/prix\/#primaryimage\",\"inLanguage\":\"fr-FR\",\"url\":\"https:\/\/www.massage-chamonix.com\/wp-content\/uploads\/2013\/07\/cham-mssage11.jpg\",\"contentUrl\":\"https:\/\/www.massage-chamonix.com\/wp-content\/uploads\/2013\/07\/cham-mssage11.jpg\",\"width\":450,\"height\":426},{\"@type\":\"WebPage\",\"@id\":\"https:\/\/www.massage-chamonix.com\/fr\/massages\/prix\/#webpage\",\"url\":\"https:\/\/www.massage-chamonix.com\/fr\/massages\/prix\/\",\"name\":\"Tarifs de nos massages \\u00e0 Chamonix - Massage Chamonix\",\"isPartOf\":{\"@id\":\"https:\/\/www.massage-chamonix.com\/en\/#website\"},\"primaryImageOfPage\":{\"@id\":\"https:\/\/www.massage-chamonix.com\/fr\/massages\/prix\/#primaryimage\"},\"datePublished\":\"2013-07-30T20:28:17+00:00\",\"dateModified\":\"2021-09-24T15:03:12+00:00\",\"description\":\"Le prix varie selon le temps consacr\\u00e9 au massage (de 30 mn \\u00e0 1h30) et l'endroit o\\u00f9 il est r\\u00e9alis\\u00e9.\",\"breadcrumb\":{\"@id\":\"https:\/\/www.massage-chamonix.com\/fr\/massages\/prix\/#breadcrumb\"},\"inLanguage\":\"fr-FR\",\"potentialAction\":[{\"@type\":\"ReadAction\",\"target\":[\"https:\/\/www.massage-chamonix.com\/fr\/massages\/prix\/\"]}]},{\"@type\":\"BreadcrumbList\",\"@id\":\"https:\/\/www.massage-chamonix.com\/fr\/massages\/prix\/#breadcrumb\",\"itemListElement\":[{\"@type\":\"ListItem\",\"position\":1,\"name\":\"Home\",\"item\":\"https:\/\/www.massage-chamonix.com\/fr\/\"},{\"@type\":\"ListItem\",\"position\":2,\"name\":\"Nos massages\",\"item\":\"https:\/\/www.massage-chamonix.com\/fr\/massages\/\"},{\"@type\":\"ListItem\",\"position\":3,\"name\":\"Tarifs de nos massages \\u00e0 Chamonix\"}]}]}<\/script>\n<!-- \/ Yoast SEO plugin. -->","yoast_head_json":{"title":"Tarifs de nos massages \u00e0 Chamonix - Massage Chamonix","description":"Le prix varie selon le temps consacr\u00e9 au massage (de 30 mn \u00e0 1h30) et l'endroit o\u00f9 il est r\u00e9alis\u00e9.","robots":{"index":"index","follow":"follow","max-snippet":"max-snippet:-1","max-image-preview":"max-image-preview:large","max-video-preview":"max-video-preview:-1"},"canonical":"https:\/\/www.massage-chamonix.com\/fr\/massages\/prix\/","og_locale":"fr_FR","og_type":"article","og_title":"Tarifs de nos massages \u00e0 Chamonix - Massage Chamonix","og_description":"Le prix varie selon le temps consacr\u00e9 au massage (de 30 mn \u00e0 1h30) et l'endroit o\u00f9 il est r\u00e9alis\u00e9.","og_url":"https:\/\/www.massage-chamonix.com\/fr\/massages\/prix\/","og_site_name":"Massage Chamonix","article_modified_time":"2021-09-24T15:03:12+00:00","og_image":[{"width":450,"height":426,"url":"https:\/\/www.massage-chamonix.com\/wp-content\/uploads\/2013\/07\/cham-mssage11.jpg","path":"\/home\/massagec\/www\/wp-content\/uploads\/2013\/07\/cham-mssage11.jpg","size":"full","id":8234,"alt":"","pixels":191700,"type":"image\/jpeg"}],"twitter_misc":{"Dur\u00e9e de lecture est.":"4 minutes"},"schema":{"@context":"https:\/\/schema.org","@graph":[{"@type":"WebSite","@id":"https:\/\/www.massage-chamonix.com\/en\/#website","url":"https:\/\/www.massage-chamonix.com\/en\/","name":"Massage Chamonix","description":"In Chamonix, enjoy a relaxing, revitalising massage at our spa, at your hotel or at your home. We provide mobile massage services in other areas of the Valley such as Les Houches, Bossons, Praz, Lavancher.","potentialAction":[{"@type":"SearchAction","target":{"@type":"EntryPoint","urlTemplate":"https:\/\/www.massage-chamonix.com\/en\/?s={search_term_string}"},"query-input":"required name=search_term_string"}],"inLanguage":"fr-FR"},{"@type":"ImageObject","@id":"https:\/\/www.massage-chamonix.com\/fr\/massages\/prix\/#primaryimage","inLanguage":"fr-FR","url":"https:\/\/www.massage-chamonix.com\/wp-content\/uploads\/2013\/07\/cham-mssage11.jpg","contentUrl":"https:\/\/www.massage-chamonix.com\/wp-content\/uploads\/2013\/07\/cham-mssage11.jpg","width":450,"height":426},{"@type":"WebPage","@id":"https:\/\/www.massage-chamonix.com\/fr\/massages\/prix\/#webpage","url":"https:\/\/www.massage-chamonix.com\/fr\/massages\/prix\/","name":"Tarifs de nos massages \u00e0 Chamonix - Massage Chamonix","isPartOf":{"@id":"https:\/\/www.massage-chamonix.com\/en\/#website"},"primaryImageOfPage":{"@id":"https:\/\/www.massage-chamonix.com\/fr\/massages\/prix\/#primaryimage"},"datePublished":"2013-07-30T20:28:17+00:00","dateModified":"2021-09-24T15:03:12+00:00","description":"Le prix varie selon le temps consacr\u00e9 au massage (de 30 mn \u00e0 1h30) et l'endroit o\u00f9 il est r\u00e9alis\u00e9.","breadcrumb":{"@id":"https:\/\/www.massage-chamonix.com\/fr\/massages\/prix\/#breadcrumb"},"inLanguage":"fr-FR","potentialAction":[{"@type":"ReadAction","target":["https:\/\/www.massage-chamonix.com\/fr\/massages\/prix\/"]}]},{"@type":"BreadcrumbList","@id":"https:\/\/www.massage-chamonix.com\/fr\/massages\/prix\/#breadcrumb","itemListElement":[{"@type":"ListItem","position":1,"name":"Home","item":"https:\/\/www.massage-chamonix.com\/fr\/"},{"@type":"ListItem","position":2,"name":"Nos massages","item":"https:\/\/www.massage-chamonix.com\/fr\/massages\/"},{"@type":"ListItem","position":3,"name":"Tarifs de nos massages \u00e0 Chamonix"}]}]}},"_links":{"self":[{"href":"https:\/\/www.massage-chamonix.com\/fr\/wp-json\/wp\/v2\/pages\/8079"}],"collection":[{"href":"https:\/\/www.massage-chamonix.com\/fr\/wp-json\/wp\/v2\/pages"}],"about":[{"href":"https:\/\/www.massage-chamonix.com\/fr\/wp-json\/wp\/v2\/types\/page"}],"author":[{"embeddable":true,"href":"https:\/\/www.massage-chamonix.com\/fr\/wp-json\/wp\/v2\/users\/2"}],"replies":[{"embeddable":true,"href":"https:\/\/www.massage-chamonix.com\/fr\/wp-json\/wp\/v2\/comments?post=8079"}],"version-history":[{"count":19,"href":"https:\/\/www.massage-chamonix.com\/fr\/wp-json\/wp\/v2\/pages\/8079\/revisions"}],"predecessor-version":[{"id":9199,"href":"https:\/\/www.massage-chamonix.com\/fr\/wp-json\/wp\/v2\/pages\/8079\/revisions\/9199"}],"up":[{"embeddable":true,"href":"https:\/\/www.massage-chamonix.com\/fr\/wp-json\/wp\/v2\/pages\/8061"}],"wp:featuredmedia":[{"embeddable":true,"href":"https:\/\/www.massage-chamonix.com\/fr\/wp-json\/wp\/v2\/media\/8234"}],"wp:attachment":[{"href":"https:\/\/www.massage-chamonix.com\/fr\/wp-json\/wp\/v2\/media?parent=8079"}],"curies":[{"name":"wp","href":"https:\/\/api.w.org\/{rel}","templated":true}]}}