{"id":8069,"date":"2013-07-29T16:59:12","date_gmt":"2013-07-29T16:59:12","guid":{"rendered":"https:\/\/www.massage-chamonix.com\/massage-menu\/organic-aromatherapy-chamonix\/"},"modified":"2017-11-21T07:42:23","modified_gmt":"2017-11-21T07:42:23","slug":"aromatherapie","status":"publish","type":"page","link":"https:\/\/www.massage-chamonix.com\/fr\/massages\/aromatherapie\/","title":{"rendered":"Aromatherapie bio et massages, Chamonix, Mont Blanc"},"content":{"rendered":"<div id='av-layout-grid-1'  class='av-layout-grid-container entry-content-wrapper main_color av-flex-cells     avia-builder-el-0  el_before_av_section  avia-builder-el-first  container_wrap sidebar_right' style=' '  >\n<div class=\"flex_cell no_margin av_one_half  avia-builder-el-1  el_before_av_cell_one_half  avia-builder-el-first   avia-full-stretch \"  style='height:426px; min-height:426px;vertical-align:middle; padding:40px 80px 0px 80px ; background-color:#ffffff; ' ><div class='flex_cell_inner' ><p><div  style='padding-bottom:10px; color:#000000;font-size:34px;' class='av-special-heading av-special-heading-h1 custom-color-heading blockquote modern-quote modern-centered  avia-builder-el-2  el_before_av_hr  avia-builder-el-first  av-inherit-size '><h1 class='av-special-heading-tag '  itemprop=\"headline\"  >Aromatherapie bio et massages, Chamonix, Mont Blanc<\/h1><div class='special-heading-border'><div class='special-heading-inner-border' style='border-color:#000000'><\/div><\/div><\/div><br \/>\n<div  style=' margin-top:20px; margin-bottom:30px;'  class='hr hr-custom hr-center hr-icon-yes   avia-builder-el-3  el_after_av_heading  el_before_av_textblock '><span class='hr-inner  inner-border-av-border-thin' style=' width:50px; border-color:#000000; max-width:45%;' ><span class='hr-inner-style'><\/span><\/span><span class='av-seperator-icon' style='color:#71487c;' aria-hidden='true' data-av_icon='\ue808' data-av_iconfont='entypo-fontello'><\/span><span class='hr-inner  inner-border-av-border-thin' style=' width:50px; border-color:#000000; max-width:45%;' ><span class='hr-inner-style'><\/span><\/span><\/div><br \/>\n<section class=\"av_textblock_section \"  itemscope=\"itemscope\" itemtype=\"https:\/\/schema.org\/CreativeWork\" ><div class='avia_textblock  av_inherit_color '  style='color:#848484; '  itemprop=\"text\" ><p><strong>Nous utilisons des huiles essentielles biologiques ainsi que des huiles v\u00e9g\u00e9tales bio pour nos massages. D\u00e9couvrez nos traitements bas\u00e9s sur l\u2019aromath\u00e9rapie, que nous proposons \u00e0 Chamonix, et profitez de nos massages aux huiles essentielles.<\/strong><\/p>\n<p><a href=\"https:\/\/www.massage-chamonix.com\/wp-content\/uploads\/2012\/09\/huiles_essentielles_sm3.jpg\"><img loading=\"lazy\" class=\" wp-image-7772 alignleft\" src=\"https:\/\/www.massage-chamonix.com\/wp-content\/uploads\/2012\/09\/huiles_essentielles_sm3.jpg\" alt=\"huiles_essentielles_sm3\" width=\"155\" height=\"111\" \/><\/a><\/p>\n<p>L\u2019aromath\u00e9rapie est l\u2019utilisation des extraits aromatiques de plantes (essences et huiles essentielles). Cela la diff\u00e9rencie de la phytoth\u00e9rapie qui fait usage de l\u2019ensemble des \u00e9l\u00e9ments d\u2019une plante.Le mot fut cr\u00e9e pour la premi\u00e8re fois par le chercher Gattefoss\u00e9 en 1935. On a retrouv\u00e9 les traces de m\u00e9thodes de distillation ou d\u2019extraction, en Inde ou en Chine, qui datent de plusieurs mill\u00e9naires, mais c\u2019est en \u00c9gypte que leur utilisation \u00e9tait la plus fr\u00e9quente. Les Romains utiliseront aussi les huiles essentilles sous forme d\u2019onguent gras.<\/p>\n<p>Les huiles essentielles sont des substances tr\u00e8s ch\u00e8res car tr\u00e8s recherch\u00e9es. Elles sont donc tr\u00e8s souvent frelat\u00e9es par adjonction d\u2019huiles de mauvaise qualit\u00e9 ou par l\u2019adjonction de produits de synth\u00e8se bien moins chers. Se procurer des huiles essentielles et s\u2019assurer de leur qualit\u00e9 est fondamental, pour cette raison il est pr\u00e9f\u00e9rable d\u2019utiliser des huiles certifi\u00e9es bio.<\/p>\n<\/div><\/section><br \/>\n<div  style='height:20px' class='hr hr-invisible   avia-builder-el-5  el_after_av_textblock  avia-builder-el-last '><span class='hr-inner ' ><span class='hr-inner-style'><\/span><\/span><\/div><\/p>\n<\/div><\/div><div class=\"flex_cell no_margin av_one_half  avia-builder-el-6  el_after_av_cell_one_half  avia-builder-el-last   \"  style='height:426px; min-height:426px;background:url(https:\/\/www.massage-chamonix.com\/wp-content\/uploads\/2013\/07\/cham-mssage11.jpg) top center no-repeat scroll; vertical-align:middle; padding:80px 80px 0px 80px ; background-color:#000000; ' ><div class='flex_cell_inner' ><\/div><\/div>\n<\/div>\n<div id='av_section_1'  class='avia-section main_color avia-section-small avia-no-shadow  avia-bg-style-scroll  avia-builder-el-7  el_after_av_layout_row  el_before_av_heading   container_wrap sidebar_right' style='background-color: #f4f4f4;  '  ><div class='container' ><div class='template-page content  av-content-small alpha units'><div class='post-entry post-entry-type-page post-entry-8069'><div class='entry-content-wrapper clearfix'>\n<section class=\"av_textblock_section \"  itemscope=\"itemscope\" itemtype=\"https:\/\/schema.org\/CreativeWork\" ><div class='avia_textblock  '   itemprop=\"text\" ><p class=\"rtecenter\">En aromath\u00e9rapie on exclut toujours des traitements \u00e0 base d\u2019huiles essentielles pour les tr\u00e8s jeunes enfants, pour les femmes enceintes (surtout au cours des 3 premiers mois lorsque les tissus sont en formation), pour les personnes allergiques (asthmatiques, \u2026), pour les animaux comme les chiens et les chats (absence de certains syst\u00e8mes enzymatiques de m\u00e9tabolisation).<\/p>\n<p class=\"rtecenter\">Certaines huiles essentielles sont tr\u00e8s bien tol\u00e9r\u00e9es pures sur la peau, mais elles sont l\u2019exception. Certaines huiles essentielles sont dermocaustiques, c\u2019est-\u00e0-dire qu\u2019elles irritent ou alt\u00e8rent la peau. La plupart des huiles essentielles n\u00e9cessitent d\u2019\u00eatre dilu\u00e9es au 1\/5 (concentration max) le plus souvent au 1\/10 voire au 1\/20 ou au 1\/100 (concentration min) c\u2019est \u00e0 dire de 20%, 10%, 5% ou 1% V\/V ou W\/W dans une huile v\u00e9g\u00e9tale (amande douce, d\u2019avocat, d\u2019argan, de macadamia etc.)<\/p>\n<p class=\"rtecenter\">Certaines huiles essentielles se potentialisent mutuellement et sont donc plus efficaces en association. Les formules associant des huiles essentielles dans certaines indications telles que reprises dans la litt\u00e9rature sp\u00e9cialis\u00e9e ont donc un sens.Si les activit\u00e9s antibact\u00e9riennes et anti-infectieuses des huiles essentielles sont aujourd\u2019hui scientifiquement d\u00e9montr\u00e9es, d\u2019autres activit\u00e9s pharmacologiques font encore l\u2019objet de recherches.<\/p>\n<\/div><\/section>\n<\/div><\/div><\/div><!-- close content main div --><\/div><\/div><div id='after_section_1'  class='main_color av_default_container_wrap container_wrap sidebar_right' style=' '  ><div class='container' ><div class='template-page content  av-content-small alpha units'><div class='post-entry post-entry-type-page post-entry-8069'><div class='entry-content-wrapper clearfix'><div  style='padding-bottom:30px; font-size:32px;' class='av-special-heading av-special-heading-h2  blockquote modern-quote modern-centered  avia-builder-el-8  el_before_av_textblock  avia-builder-el-first  av-inherit-size '><h2 class='av-special-heading-tag '  itemprop=\"headline\"  >M\u00e9thodes d\u2019administration des huiles essentielles<\/h2><div class='special-heading-border'><div class='special-heading-inner-border' ><\/div><\/div><\/div><\/p>\n<section class=\"av_textblock_section \"  itemscope=\"itemscope\" itemtype=\"https:\/\/schema.org\/CreativeWork\" ><div class='avia_textblock  '   itemprop=\"text\" ><p class=\"rtecenter\">Faciles \u00e0 diffuser (compos\u00e9s volatils et lipophiles), les huiles essentielles peuvent s\u2019utiliser de diff\u00e9rentes fa\u00e7ons, en fonction de leur nature, de leur dosage et de l\u2019effet recherch\u00e9 : * La diffusion atmosph\u00e9rique : utiliser uniquement un diffuseur sp\u00e9cial qui permet une micro diffusion, pas de br\u00fble-parfum qui alt\u00e8re les huiles essentielles par chauffage. Il ne faut pas laisser le diffuseur atmosph\u00e9rique actif en permanence. Dix minutes par heure, c\u2019est tr\u00e8s suffisant. Mais il faut savoir que la diffusion peut \u00eatre contre-indiqu\u00e9e pour les personnes souffrant d\u2019allergies respiratoires (asthme).<br \/>\n<strong>* L\u2019inhalation :<\/strong>\u00a0il suffit d\u2019ajouter quelques gouttes d\u2019HE \u00e0 un bol d\u2019eau chaude (non bouillante) et de respirer les vapeurs, une serviette sur la t\u00eate. Une inhalation s\u00e8che est aussi possible en d\u00e9posant quelques gouttes sur un mouchoir propre que l\u2019on respirera profond\u00e9ment.<br \/>\n<strong>* La voie transcutan\u00e9e (massages ou bains):<\/strong>\u00a0Peu d\u2019huiles peuvent \u00eatre appliqu\u00e9es pures sur la peau. Certaines huiles essentielles \u00e9tant particuli\u00e8rement agressives car tr\u00e8s riches en ph\u00e9nols, il est indispensable de les diluer dans une huile v\u00e9g\u00e9tale.<br \/>\n<strong>* La voie orale :\u00a0<\/strong>une m\u00e9thode que nous ne travaillons pas.<\/p>\n<\/div><\/section>\n<section class=\"av_textblock_section \"  itemscope=\"itemscope\" itemtype=\"https:\/\/schema.org\/CreativeWork\" ><div class='avia_textblock  '   itemprop=\"text\" ><p class=\"rtecenter\"><img loading=\"lazy\" class=\"aligncenter wp-image-8652 size-thumbnail\" src=\"https:\/\/www.massage-chamonix.com\/wp-content\/uploads\/2013\/07\/essential-oils-80x80.jpg\" alt=\"\" width=\"80\" height=\"80\" srcset=\"https:\/\/www.massage-chamonix.com\/wp-content\/uploads\/2013\/07\/essential-oils-80x80.jpg 80w, https:\/\/www.massage-chamonix.com\/wp-content\/uploads\/2013\/07\/essential-oils-36x36.jpg 36w, https:\/\/www.massage-chamonix.com\/wp-content\/uploads\/2013\/07\/essential-oils-180x180.jpg 180w, https:\/\/www.massage-chamonix.com\/wp-content\/uploads\/2013\/07\/essential-oils-120x120.jpg 120w\" sizes=\"(max-width: 80px) 100vw, 80px\" \/><\/p>\n<\/div><\/section>\n<\/div><\/div><\/div><!-- close content main div --><\/div><\/div><div id='av-layout-grid-2'  class='av-layout-grid-container entry-content-wrapper main_color av-flex-cells     container_wrap sidebar_right' style=' '  >\n<div class=\"flex_cell no_margin av_one_half   \"  style='height:300px; min-height:300px;vertical-align:middle; padding:20px 80px 0px 80px ; background-color:#efefef; ' ><div class='flex_cell_inner' ><p><div  style='padding-bottom:20px; font-size:24px;' class='av-special-heading av-special-heading-h3  blockquote modern-quote  avia-builder-el-11  el_after_av_section  el_before_av_one_full  avia-builder-el-first  av-inherit-size '><h3 class='av-special-heading-tag '  itemprop=\"headline\"  >R\u00e9servez votre massage<\/h3><div class='special-heading-border'><div class='special-heading-inner-border' ><\/div><\/div><\/div><br \/>\n<section class=\"av_textblock_section \"  itemscope=\"itemscope\" itemtype=\"https:\/\/schema.org\/CreativeWork\" ><div class='avia_textblock  '   itemprop=\"text\" ><div class=\"textwidget\"><strong>Deux fa\u00e7ons de r\u00e9server votre massage avec massage-chamonix.com:\u00a0<\/strong>(composer le 00 33 6 88 63 36 99 depuis l&rsquo;\u00e9tranger)<\/div>\n<\/div><\/section><br \/>\n<div  style='height:20px' class='hr hr-invisible  '><span class='hr-inner ' ><span class='hr-inner-style'><\/span><\/span><\/div><br \/>\n<div  class='avia-button-wrap avia-button-left ' ><a href='tel:003368863699'  class='avia-button   avia-icon_select-yes-left-icon avia-size-medium avia-position-left '  style='background-color:#918dbc; border-color:#918dbc; color:#ffffff; ' ><span class='avia_button_icon avia_button_icon_left ' aria-hidden='true' data-av_icon='\ue854' data-av_iconfont='entypo-fontello'><\/span><span class='avia_iconbox_title' >Appelez-nous06 88 63 36 99<\/span><\/a><\/div><br \/>\n<div  class='avia-button-wrap avia-button-right ' ><a href='https:\/\/www.massage-chamonix.com\/fr\/massages\/aromatherapie\/'  class='avia-button   avia-icon_select-yes-left-icon avia-size-medium avia-position-right '  style='background-color:#d6adb7; border-color:#d6adb7; color:#ffffff; ' ><span class='avia_button_icon avia_button_icon_left ' aria-hidden='true' data-av_icon='\ue805' data-av_iconfont='entypo-fontello'><\/span><span class='avia_iconbox_title' >Prendre en rendez-vous en ligne<\/span><\/a><\/div><\/p>\n<\/div><\/div><div class=\"flex_cell no_margin av_one_half   \"  style='height:300px; min-height:300px;vertical-align:middle; padding:20px 80px 0px 80px ; background-color:#dddddd; ' ><div class='flex_cell_inner' ><p><div  style='padding-bottom:20px; font-size:24px;' class='av-special-heading av-special-heading-h3  blockquote modern-quote  av-inherit-size '><h3 class='av-special-heading-tag '  itemprop=\"headline\"  >Des massages r\u00e9alis\u00e9s avec des huiles \u00e9cologiques<\/h3><div class='special-heading-border'><div class='special-heading-inner-border' ><\/div><\/div><\/div><br \/>\n<section class=\"av_textblock_section \"  itemscope=\"itemscope\" itemtype=\"https:\/\/schema.org\/CreativeWork\" ><div class='avia_textblock  '   itemprop=\"text\" ><p><img loading=\"lazy\" class=\"imgclass wp-image-7763 alignleft\" src=\"https:\/\/www.massage-chamonix.com\/wp-content\/uploads\/2017\/08\/huiles_essentielles_sm3.jpg\" alt=\"\" width=\"132\" height=\"169\" \/><\/p>\n<div class=\"textwidget\">Nous n&rsquo;utilisons que des huiles v\u00e9g\u00e9tales et huiles essentielles biologiques pour des massages plaisants et d&rsquo;une grande qualit\u00e9.<\/div>\n<div class=\"textwidget\"><strong>Les massages que nous proposons sont \u00e0 but non th\u00e9rapeutique ni m\u00e9dical.<\/strong><\/div>\n<\/div><\/section><\/p>\n<\/div><\/div>\n<\/div>\n","protected":false},"excerpt":{"rendered":"","protected":false},"author":2,"featured_media":8234,"parent":8061,"menu_order":0,"comment_status":"closed","ping_status":"open","template":"","meta":[],"yoast_head":"<!-- This site is optimized with the Yoast SEO plugin v17.2 - https:\/\/yoast.com\/wordpress\/plugins\/seo\/ -->\n<title>Organic aromatherapy in the Mont Blanc area<\/title>\n<meta name=\"description\" content=\"We use organic essential oils as well as organic vegetable oils in our massages. Enjoy our aromatherapy treatment in Chamonix, and discover our massages.\" \/>\n<meta name=\"robots\" content=\"index, follow, max-snippet:-1, max-image-preview:large, max-video-preview:-1\" \/>\n<link rel=\"canonical\" href=\"https:\/\/www.massage-chamonix.com\/fr\/massages\/aromatherapie\/\" \/>\n<meta property=\"og:locale\" content=\"fr_FR\" \/>\n<meta property=\"og:type\" content=\"article\" \/>\n<meta property=\"og:title\" content=\"Organic aromatherapy in the Mont Blanc area\" \/>\n<meta property=\"og:description\" content=\"We use organic essential oils as well as organic vegetable oils in our massages. Enjoy our aromatherapy treatment in Chamonix, and discover our massages.\" \/>\n<meta property=\"og:url\" content=\"https:\/\/www.massage-chamonix.com\/fr\/massages\/aromatherapie\/\" \/>\n<meta property=\"og:site_name\" content=\"Massage Chamonix\" \/>\n<meta property=\"article:modified_time\" content=\"2017-11-21T07:42:23+00:00\" \/>\n<meta property=\"og:image\" content=\"https:\/\/www.massage-chamonix.com\/wp-content\/uploads\/2013\/07\/cham-mssage11.jpg\" \/>\n\t<meta property=\"og:image:width\" content=\"450\" \/>\n\t<meta property=\"og:image:height\" content=\"426\" \/>\n<meta name=\"twitter:label1\" content=\"Dur\u00e9e de lecture est.\" \/>\n\t<meta name=\"twitter:data1\" content=\"8 minutes\" \/>\n<script type=\"application\/ld+json\" class=\"yoast-schema-graph\">{\"@context\":\"https:\/\/schema.org\",\"@graph\":[{\"@type\":\"WebSite\",\"@id\":\"https:\/\/www.massage-chamonix.com\/en\/#website\",\"url\":\"https:\/\/www.massage-chamonix.com\/en\/\",\"name\":\"Massage Chamonix\",\"description\":\"In Chamonix, enjoy a relaxing, revitalising massage at our spa, at your hotel or at your home. We provide mobile massage services in other areas of the Valley such as Les Houches, Bossons, Praz, Lavancher.\",\"potentialAction\":[{\"@type\":\"SearchAction\",\"target\":{\"@type\":\"EntryPoint\",\"urlTemplate\":\"https:\/\/www.massage-chamonix.com\/en\/?s={search_term_string}\"},\"query-input\":\"required name=search_term_string\"}],\"inLanguage\":\"fr-FR\"},{\"@type\":\"ImageObject\",\"@id\":\"https:\/\/www.massage-chamonix.com\/fr\/massages\/aromatherapie\/#primaryimage\",\"inLanguage\":\"fr-FR\",\"url\":\"https:\/\/www.massage-chamonix.com\/wp-content\/uploads\/2013\/07\/cham-mssage11.jpg\",\"contentUrl\":\"https:\/\/www.massage-chamonix.com\/wp-content\/uploads\/2013\/07\/cham-mssage11.jpg\",\"width\":450,\"height\":426},{\"@type\":\"WebPage\",\"@id\":\"https:\/\/www.massage-chamonix.com\/fr\/massages\/aromatherapie\/#webpage\",\"url\":\"https:\/\/www.massage-chamonix.com\/fr\/massages\/aromatherapie\/\",\"name\":\"Organic aromatherapy in the Mont Blanc area\",\"isPartOf\":{\"@id\":\"https:\/\/www.massage-chamonix.com\/en\/#website\"},\"primaryImageOfPage\":{\"@id\":\"https:\/\/www.massage-chamonix.com\/fr\/massages\/aromatherapie\/#primaryimage\"},\"datePublished\":\"2013-07-29T16:59:12+00:00\",\"dateModified\":\"2017-11-21T07:42:23+00:00\",\"description\":\"We use organic essential oils as well as organic vegetable oils in our massages. Enjoy our aromatherapy treatment in Chamonix, and discover our massages.\",\"breadcrumb\":{\"@id\":\"https:\/\/www.massage-chamonix.com\/fr\/massages\/aromatherapie\/#breadcrumb\"},\"inLanguage\":\"fr-FR\",\"potentialAction\":[{\"@type\":\"ReadAction\",\"target\":[\"https:\/\/www.massage-chamonix.com\/fr\/massages\/aromatherapie\/\"]}]},{\"@type\":\"BreadcrumbList\",\"@id\":\"https:\/\/www.massage-chamonix.com\/fr\/massages\/aromatherapie\/#breadcrumb\",\"itemListElement\":[{\"@type\":\"ListItem\",\"position\":1,\"name\":\"Home\",\"item\":\"https:\/\/www.massage-chamonix.com\/fr\/\"},{\"@type\":\"ListItem\",\"position\":2,\"name\":\"Nos massages\",\"item\":\"https:\/\/www.massage-chamonix.com\/fr\/massages\/\"},{\"@type\":\"ListItem\",\"position\":3,\"name\":\"Aromatherapie bio et massages, Chamonix, Mont Blanc\"}]}]}<\/script>\n<!-- \/ Yoast SEO plugin. -->","yoast_head_json":{"title":"Organic aromatherapy in the Mont Blanc area","description":"We use organic essential oils as well as organic vegetable oils in our massages. Enjoy our aromatherapy treatment in Chamonix, and discover our massages.","robots":{"index":"index","follow":"follow","max-snippet":"max-snippet:-1","max-image-preview":"max-image-preview:large","max-video-preview":"max-video-preview:-1"},"canonical":"https:\/\/www.massage-chamonix.com\/fr\/massages\/aromatherapie\/","og_locale":"fr_FR","og_type":"article","og_title":"Organic aromatherapy in the Mont Blanc area","og_description":"We use organic essential oils as well as organic vegetable oils in our massages. Enjoy our aromatherapy treatment in Chamonix, and discover our massages.","og_url":"https:\/\/www.massage-chamonix.com\/fr\/massages\/aromatherapie\/","og_site_name":"Massage Chamonix","article_modified_time":"2017-11-21T07:42:23+00:00","og_image":[{"width":450,"height":426,"url":"https:\/\/www.massage-chamonix.com\/wp-content\/uploads\/2013\/07\/cham-mssage11.jpg","path":"\/home\/massagec\/www\/wp-content\/uploads\/2013\/07\/cham-mssage11.jpg","size":"full","id":8234,"alt":"","pixels":191700,"type":"image\/jpeg"}],"twitter_misc":{"Dur\u00e9e de lecture est.":"8 minutes"},"schema":{"@context":"https:\/\/schema.org","@graph":[{"@type":"WebSite","@id":"https:\/\/www.massage-chamonix.com\/en\/#website","url":"https:\/\/www.massage-chamonix.com\/en\/","name":"Massage Chamonix","description":"In Chamonix, enjoy a relaxing, revitalising massage at our spa, at your hotel or at your home. We provide mobile massage services in other areas of the Valley such as Les Houches, Bossons, Praz, Lavancher.","potentialAction":[{"@type":"SearchAction","target":{"@type":"EntryPoint","urlTemplate":"https:\/\/www.massage-chamonix.com\/en\/?s={search_term_string}"},"query-input":"required name=search_term_string"}],"inLanguage":"fr-FR"},{"@type":"ImageObject","@id":"https:\/\/www.massage-chamonix.com\/fr\/massages\/aromatherapie\/#primaryimage","inLanguage":"fr-FR","url":"https:\/\/www.massage-chamonix.com\/wp-content\/uploads\/2013\/07\/cham-mssage11.jpg","contentUrl":"https:\/\/www.massage-chamonix.com\/wp-content\/uploads\/2013\/07\/cham-mssage11.jpg","width":450,"height":426},{"@type":"WebPage","@id":"https:\/\/www.massage-chamonix.com\/fr\/massages\/aromatherapie\/#webpage","url":"https:\/\/www.massage-chamonix.com\/fr\/massages\/aromatherapie\/","name":"Organic aromatherapy in the Mont Blanc area","isPartOf":{"@id":"https:\/\/www.massage-chamonix.com\/en\/#website"},"primaryImageOfPage":{"@id":"https:\/\/www.massage-chamonix.com\/fr\/massages\/aromatherapie\/#primaryimage"},"datePublished":"2013-07-29T16:59:12+00:00","dateModified":"2017-11-21T07:42:23+00:00","description":"We use organic essential oils as well as organic vegetable oils in our massages. Enjoy our aromatherapy treatment in Chamonix, and discover our massages.","breadcrumb":{"@id":"https:\/\/www.massage-chamonix.com\/fr\/massages\/aromatherapie\/#breadcrumb"},"inLanguage":"fr-FR","potentialAction":[{"@type":"ReadAction","target":["https:\/\/www.massage-chamonix.com\/fr\/massages\/aromatherapie\/"]}]},{"@type":"BreadcrumbList","@id":"https:\/\/www.massage-chamonix.com\/fr\/massages\/aromatherapie\/#breadcrumb","itemListElement":[{"@type":"ListItem","position":1,"name":"Home","item":"https:\/\/www.massage-chamonix.com\/fr\/"},{"@type":"ListItem","position":2,"name":"Nos massages","item":"https:\/\/www.massage-chamonix.com\/fr\/massages\/"},{"@type":"ListItem","position":3,"name":"Aromatherapie bio et massages, Chamonix, Mont Blanc"}]}]}},"_links":{"self":[{"href":"https:\/\/www.massage-chamonix.com\/fr\/wp-json\/wp\/v2\/pages\/8069"}],"collection":[{"href":"https:\/\/www.massage-chamonix.com\/fr\/wp-json\/wp\/v2\/pages"}],"about":[{"href":"https:\/\/www.massage-chamonix.com\/fr\/wp-json\/wp\/v2\/types\/page"}],"author":[{"embeddable":true,"href":"https:\/\/www.massage-chamonix.com\/fr\/wp-json\/wp\/v2\/users\/2"}],"replies":[{"embeddable":true,"href":"https:\/\/www.massage-chamonix.com\/fr\/wp-json\/wp\/v2\/comments?post=8069"}],"version-history":[{"count":15,"href":"https:\/\/www.massage-chamonix.com\/fr\/wp-json\/wp\/v2\/pages\/8069\/revisions"}],"predecessor-version":[{"id":8807,"href":"https:\/\/www.massage-chamonix.com\/fr\/wp-json\/wp\/v2\/pages\/8069\/revisions\/8807"}],"up":[{"embeddable":true,"href":"https:\/\/www.massage-chamonix.com\/fr\/wp-json\/wp\/v2\/pages\/8061"}],"wp:featuredmedia":[{"embeddable":true,"href":"https:\/\/www.massage-chamonix.com\/fr\/wp-json\/wp\/v2\/media\/8234"}],"wp:attachment":[{"href":"https:\/\/www.massage-chamonix.com\/fr\/wp-json\/wp\/v2\/media?parent=8069"}],"curies":[{"name":"wp","href":"https:\/\/api.w.org\/{rel}","templated":true}]}}