{"id":8061,"date":"2013-08-03T08:34:14","date_gmt":"2013-08-03T08:34:14","guid":{"rendered":"https:\/\/www.massage-chamonix.com\/massage-menu-2\/"},"modified":"2023-02-13T13:41:20","modified_gmt":"2023-02-13T13:41:20","slug":"massages","status":"publish","type":"page","link":"https:\/\/www.massage-chamonix.com\/fr\/massages\/","title":{"rendered":"Nos massages"},"content":{"rendered":"<div id='av-layout-grid-1'  class='av-layout-grid-container entry-content-wrapper main_color av-flex-cells     avia-builder-el-0  el_before_av_section  avia-builder-el-first  container_wrap sidebar_right' style=' '  >\n<div class=\"flex_cell no_margin av_one_half  avia-builder-el-1  el_before_av_cell_one_half  avia-builder-el-first   avia-full-stretch \"  style='height:426px; min-height:426px;vertical-align:middle; padding:40px 80px 0px 80px ; background-color:#ffffff; ' ><div class='flex_cell_inner' ><p><div  style='padding-bottom:10px; color:#000000;font-size:34px;' class='av-special-heading av-special-heading-h1 custom-color-heading blockquote modern-quote modern-centered  avia-builder-el-2  el_before_av_hr  avia-builder-el-first  av-inherit-size '><h1 class='av-special-heading-tag '  itemprop=\"headline\"  >Nos massages<\/h1><div class='special-heading-border'><div class='special-heading-inner-border' style='border-color:#000000'><\/div><\/div><\/div><br \/>\n<div  style=' margin-top:20px; margin-bottom:30px;'  class='hr hr-custom hr-center hr-icon-yes   avia-builder-el-3  el_after_av_heading  el_before_av_textblock '><span class='hr-inner  inner-border-av-border-thin' style=' width:50px; border-color:#000000; max-width:45%;' ><span class='hr-inner-style'><\/span><\/span><span class='av-seperator-icon' style='color:#71487c;' aria-hidden='true' data-av_icon='\ue808' data-av_iconfont='entypo-fontello'><\/span><span class='hr-inner  inner-border-av-border-thin' style=' width:50px; border-color:#000000; max-width:45%;' ><span class='hr-inner-style'><\/span><\/span><\/div><br \/>\n<section class=\"av_textblock_section \"  itemscope=\"itemscope\" itemtype=\"https:\/\/schema.org\/CreativeWork\" ><div class='avia_textblock  av_inherit_color '  style='color:#848484; '  itemprop=\"text\" ><p>Apr\u00e8s une longue journ\u00e9e de ski, d\u2019escalade, de randonn\u00e9e, vos muscles sont endoloris. Recevoir un massage vous r\u00e9g\u00e9n\u00e8re et vous relaxe afin d\u2019appr\u00e9cier le reste de vos vacances.<\/p>\n<p>Cela oeuvre sur le stress et vous revitalise dans le confort de votre maison, de votre hotel, ou de notre cabinet (rue principale de Chamonix).<\/p>\n<\/div><\/section><br \/>\n<div  style='height:20px' class='hr hr-invisible   avia-builder-el-5  el_after_av_textblock  avia-builder-el-last '><span class='hr-inner ' ><span class='hr-inner-style'><\/span><\/span><\/div><\/p>\n<\/div><\/div><div class=\"flex_cell no_margin av_one_half  avia-builder-el-6  el_after_av_cell_one_half  avia-builder-el-last   \"  style='height:426px; min-height:426px;background:url(https:\/\/www.massage-chamonix.com\/wp-content\/uploads\/2013\/08\/massage-menu.png) top left no-repeat scroll; vertical-align:middle; padding:80px 80px 0px 80px ; background-color:#000000; ' ><div class='flex_cell_inner' ><\/div><\/div>\n<\/div>\n<div id='av_section_1'  class='avia-section main_color avia-section-default avia-no-shadow  avia-bg-style-scroll  avia-builder-el-7  el_after_av_layout_row  el_before_av_layout_row   container_wrap sidebar_right' style='background-color: #f4f4f4;  '  ><div class='container' ><div class='template-page content  av-content-small alpha units'><div class='post-entry post-entry-type-page post-entry-8061'><div class='entry-content-wrapper clearfix'>\n<div  style='padding-bottom:30px; font-size:32px;' class='av-special-heading av-special-heading-h2  blockquote modern-quote modern-centered  avia-builder-el-8  el_before_av_one_half  avia-builder-el-first  av-inherit-size '><h2 class='av-special-heading-tag '  itemprop=\"headline\"  >Choisissez d\u2019abord votre massage\u2026<\/h2><div class='special-heading-border'><div class='special-heading-inner-border' ><\/div><\/div><\/div>\n<div class=\"flex_column av_one_half  flex_column_div av-zero-column-padding first  avia-builder-el-9  el_after_av_heading  el_before_av_one_half  \" style='border-radius:0px; '><p><div  style='padding-bottom:20px; font-size:24px;' class='av-special-heading av-special-heading-h3  blockquote modern-quote  avia-builder-el-10  el_before_av_textblock  avia-builder-el-first  av-inherit-size '><h3 class='av-special-heading-tag '  itemprop=\"headline\"  >1. Le massage musculaire<\/h3><div class='special-heading-border'><div class='special-heading-inner-border' ><\/div><\/div><\/div><br \/>\n<section class=\"av_textblock_section \"  itemscope=\"itemscope\" itemtype=\"https:\/\/schema.org\/CreativeWork\" ><div class='avia_textblock  '   itemprop=\"text\" ><p><img loading=\"lazy\" class=\"imgclass alignleft wp-image-8569\" src=\"https:\/\/www.massage-chamonix.com\/wp-content\/uploads\/2017\/08\/he-sm3.jpg\" alt=\"\" width=\"112\" height=\"169\" \/><\/p>\n<p><small>D\u00e9contracturant, il conviendra aux personnes ayant des points de tension, mais il peut \u00eatre donn\u00e9 dans un but purement relaxant. Nous insistons sur certaines parties si vous le souhaitez et la pression appliqu\u00e9e est diff\u00e9rente selon la demande.<\/small><\/p>\n<p><small>Les bienfaits: il d\u00e9contracte en profondeur gr\u00e2ce au travail du praticien sur la musculature, et les huiles essentielles sont choisies pour leurs propri\u00e9t\u00e9s.<\/small><\/p>\n<p><strong>30 min (cabinet), 60 min, 90 min et 120 min \/ nos prix:<\/strong><\/p>\n<\/div><\/section><br \/>\n<div class='avia-data-table-wrap avia_scrollable_table'><table  class='avia-table avia-data-table avia-table-1  avia-builder-el-12  el_after_av_textblock  avia-builder-el-last  avia_pricing_minimal '  itemscope=\"itemscope\" itemtype=\"https:\/\/schema.org\/Table\" ><tbody><tr class=''><td class=''>30 min (cabinet)<\/td><td class=''>60 min <\/td><td class=''>90 mn<\/td><td class=''>120 mm<\/td><\/tr><tr class=''><td class=''>50 \u20ac<\/td><td class=''>85 \u20ac<\/td><td class=''>120 \u20ac<\/td><td class=''>170 \u20ac<\/td><\/tr><\/tbody><\/table><\/div><\/p><\/div><div class=\"flex_column av_one_half  flex_column_div av-zero-column-padding   avia-builder-el-13  el_after_av_one_half  avia-builder-el-last  \" style='border-radius:0px; '><p><div  style='padding-bottom:20px; font-size:24px;' class='av-special-heading av-special-heading-h3  blockquote modern-quote  avia-builder-el-14  el_before_av_textblock  avia-builder-el-first  av-inherit-size '><h3 class='av-special-heading-tag '  itemprop=\"headline\"  >3. Le massage relaxant<\/h3><div class='special-heading-border'><div class='special-heading-inner-border' ><\/div><\/div><\/div><br \/>\n<section class=\"av_textblock_section \"  itemscope=\"itemscope\" itemtype=\"https:\/\/schema.org\/CreativeWork\" ><div class='avia_textblock  '   itemprop=\"text\" ><p><img loading=\"lazy\" class=\"imgclass alignleft wp-image-7763\" src=\"https:\/\/www.massage-chamonix.com\/wp-content\/uploads\/2012\/08\/he-sm1.jpg\" alt=\"\" width=\"112\" height=\"169\" \/><\/p>\n<p><small>Le massage relaxant associe un rythme lent \u00e0 une gestuelle pr\u00e9cise.<\/small><\/p>\n<p><small>Les bienfaits: lib\u00e9ration du souffle, baisse des tensions musculaires, meilleure circulation sanguine, favorise l\u2019\u00e9limination des toxines.<\/small><\/p>\n<p><strong>30 min (cabinet), 60 min, 90 min, 120min \/ nos prix<\/strong><\/p>\n<\/div><\/section><br \/>\n<div class='avia-data-table-wrap avia_scrollable_table'><table  class='avia-table avia-data-table avia-table-2  avia-builder-el-16  el_after_av_textblock  avia-builder-el-last  avia_pricing_minimal '  itemscope=\"itemscope\" itemtype=\"https:\/\/schema.org\/Table\" ><tbody><tr class=''><td class=''>30 min (cabinet)<\/td><td class=''>60 min <\/td><td class=''>90 mn<\/td><td class=''>120 mm<\/td><\/tr><tr class=''><td class=''>45 \u20ac<\/td><td class=''>80 \u20ac<\/td><td class=''>110 \u20ac<\/td><td class=''>160 \u20ac<\/td><\/tr><\/tbody><\/table><\/div><\/p><\/div><\/div><\/div><\/div><!-- close content main div --><\/div><\/div><div id='av-layout-grid-2'  class='av-layout-grid-container entry-content-wrapper main_color av-flex-cells     avia-builder-el-17  el_after_av_section  avia-builder-el-last  submenu-not-first container_wrap sidebar_right' style=' '  >\n<div class=\"flex_cell no_margin av_one_half  avia-builder-el-18  el_before_av_cell_one_half  avia-builder-el-first   \"  style='height:300px; min-height:300px;vertical-align:middle; padding:20px 80px 0px 80px ; background-color:#efefef; ' ><div class='flex_cell_inner' ><p><div  style='padding-bottom:20px; font-size:24px;' class='av-special-heading av-special-heading-h3  blockquote modern-quote  avia-builder-el-19  el_before_av_textblock  avia-builder-el-first  av-inherit-size '><h3 class='av-special-heading-tag '  itemprop=\"headline\"  >R\u00e9servez votre massage<\/h3><div class='special-heading-border'><div class='special-heading-inner-border' ><\/div><\/div><\/div><br \/>\n<section class=\"av_textblock_section \"  itemscope=\"itemscope\" itemtype=\"https:\/\/schema.org\/CreativeWork\" ><div class='avia_textblock  '   itemprop=\"text\" ><div class=\"textwidget\"><strong>Deux fa\u00e7ons de r\u00e9server votre massage avec massage-chamonix.com:\u00a0<\/strong>(composer le 00 33 6 88 63 36 99 depuis l&rsquo;\u00e9tranger)<\/div>\n<\/div><\/section><br \/>\n<div  style='height:20px' class='hr hr-invisible   avia-builder-el-21  el_after_av_textblock  el_before_av_button '><span class='hr-inner ' ><span class='hr-inner-style'><\/span><\/span><\/div><br \/>\n<div  class='avia-button-wrap avia-button-left  avia-builder-el-22  el_after_av_hr  el_before_av_button ' ><a href='tel:003368863699'  class='avia-button   avia-icon_select-yes-left-icon avia-size-medium avia-position-left '  style='background-color:#918dbc; border-color:#918dbc; color:#ffffff; ' ><span class='avia_button_icon avia_button_icon_left ' aria-hidden='true' data-av_icon='\ue854' data-av_iconfont='entypo-fontello'><\/span><span class='avia_iconbox_title' >Appelez-nous<\/br>06 88 63 36 99<\/span><\/a><\/div><br \/>\n<div  class='avia-button-wrap avia-button-right  avia-builder-el-23  el_after_av_button  avia-builder-el-last ' ><a href='https:\/\/www.massage-chamonix.com\/fr\/massages\/aromatherapie\/'  class='avia-button   avia-icon_select-yes-left-icon avia-size-medium avia-position-right '  style='background-color:#d6adb7; border-color:#d6adb7; color:#ffffff; ' ><span class='avia_button_icon avia_button_icon_left ' aria-hidden='true' data-av_icon='\ue805' data-av_iconfont='entypo-fontello'><\/span><span class='avia_iconbox_title' >Prendre en rendez-vous <\/br>en ligne<\/span><\/a><\/div><\/p>\n<\/div><\/div><div class=\"flex_cell no_margin av_one_half  avia-builder-el-24  el_after_av_cell_one_half  avia-builder-el-last   \"  style='height:300px; min-height:300px;vertical-align:middle; padding:20px 80px 0px 80px ; background-color:#dddddd; ' ><div class='flex_cell_inner' ><p><div  style='padding-bottom:20px; font-size:24px;' class='av-special-heading av-special-heading-h3  blockquote modern-quote  avia-builder-el-25  el_before_av_textblock  avia-builder-el-first  av-inherit-size '><h3 class='av-special-heading-tag '  itemprop=\"headline\"  >Des massages r\u00e9alis\u00e9s avec des huiles \u00e9cologiques<\/h3><div class='special-heading-border'><div class='special-heading-inner-border' ><\/div><\/div><\/div><br \/>\n<section class=\"av_textblock_section \"  itemscope=\"itemscope\" itemtype=\"https:\/\/schema.org\/CreativeWork\" ><div class='avia_textblock  '   itemprop=\"text\" ><p><img loading=\"lazy\" class=\"imgclass wp-image-7763 alignleft\" src=\"https:\/\/www.massage-chamonix.com\/wp-content\/uploads\/2017\/08\/huiles_essentielles_sm3.jpg\" alt=\"\" width=\"132\" height=\"169\" \/><\/p>\n<div class=\"textwidget\">Nous n&rsquo;utilisons que des huiles v\u00e9g\u00e9tales et huiles essentielles biologiques pour des massages plaisants et d&rsquo;une grande qualit\u00e9.<\/div>\n<div class=\"textwidget\"><strong>Les massages que nous proposons sont \u00e0 but non th\u00e9rapeutique ni m\u00e9dical.<\/strong><\/div>\n<\/div><\/section><\/p>\n<\/div><\/div>\n<\/div><\/p>\n","protected":false},"excerpt":{"rendered":"","protected":false},"author":2,"featured_media":7848,"parent":0,"menu_order":0,"comment_status":"closed","ping_status":"open","template":"","meta":[],"yoast_head":"<!-- This site is optimized with the Yoast SEO plugin v17.2 - https:\/\/yoast.com\/wordpress\/plugins\/seo\/ -->\n<title>Nos massages - Massage Chamonix<\/title>\n<meta name=\"description\" content=\"Apr\u00e8s une longue journ\u00e9e de ski, d&#039;escalade, de randonn\u00e9e, vos muscles sont endoloris. Recevoir un massage vous r\u00e9g\u00e9n\u00e8re et vous relaxe de fa\u00e7on optimale.\" \/>\n<meta name=\"robots\" content=\"index, follow, max-snippet:-1, max-image-preview:large, max-video-preview:-1\" \/>\n<link rel=\"canonical\" href=\"https:\/\/www.massage-chamonix.com\/fr\/massages\/\" \/>\n<meta property=\"og:locale\" content=\"fr_FR\" \/>\n<meta property=\"og:type\" content=\"article\" \/>\n<meta property=\"og:title\" content=\"Nos massages - Massage Chamonix\" \/>\n<meta property=\"og:description\" content=\"Apr\u00e8s une longue journ\u00e9e de ski, d&#039;escalade, de randonn\u00e9e, vos muscles sont endoloris. Recevoir un massage vous r\u00e9g\u00e9n\u00e8re et vous relaxe de fa\u00e7on optimale.\" \/>\n<meta property=\"og:url\" content=\"https:\/\/www.massage-chamonix.com\/fr\/massages\/\" \/>\n<meta property=\"og:site_name\" content=\"Massage Chamonix\" \/>\n<meta property=\"article:modified_time\" content=\"2023-02-13T13:41:20+00:00\" \/>\n<meta property=\"og:image\" content=\"https:\/\/www.massage-chamonix.com\/wp-content\/uploads\/2013\/07\/massage3.jpg\" \/>\n\t<meta property=\"og:image:width\" content=\"450\" \/>\n\t<meta property=\"og:image:height\" content=\"426\" \/>\n<meta name=\"twitter:label1\" content=\"Dur\u00e9e de lecture est.\" \/>\n\t<meta name=\"twitter:data1\" content=\"4 minutes\" \/>\n<script type=\"application\/ld+json\" class=\"yoast-schema-graph\">{\"@context\":\"https:\/\/schema.org\",\"@graph\":[{\"@type\":\"WebSite\",\"@id\":\"https:\/\/www.massage-chamonix.com\/en\/#website\",\"url\":\"https:\/\/www.massage-chamonix.com\/en\/\",\"name\":\"Massage Chamonix\",\"description\":\"In Chamonix, enjoy a relaxing, revitalising massage at our spa, at your hotel or at your home. We provide mobile massage services in other areas of the Valley such as Les Houches, Bossons, Praz, Lavancher.\",\"potentialAction\":[{\"@type\":\"SearchAction\",\"target\":{\"@type\":\"EntryPoint\",\"urlTemplate\":\"https:\/\/www.massage-chamonix.com\/en\/?s={search_term_string}\"},\"query-input\":\"required name=search_term_string\"}],\"inLanguage\":\"fr-FR\"},{\"@type\":\"ImageObject\",\"@id\":\"https:\/\/www.massage-chamonix.com\/fr\/massages\/#primaryimage\",\"inLanguage\":\"fr-FR\",\"url\":\"https:\/\/www.massage-chamonix.com\/wp-content\/uploads\/2013\/07\/massage3.jpg\",\"contentUrl\":\"https:\/\/www.massage-chamonix.com\/wp-content\/uploads\/2013\/07\/massage3.jpg\",\"width\":450,\"height\":426},{\"@type\":\"WebPage\",\"@id\":\"https:\/\/www.massage-chamonix.com\/fr\/massages\/#webpage\",\"url\":\"https:\/\/www.massage-chamonix.com\/fr\/massages\/\",\"name\":\"Nos massages - Massage Chamonix\",\"isPartOf\":{\"@id\":\"https:\/\/www.massage-chamonix.com\/en\/#website\"},\"primaryImageOfPage\":{\"@id\":\"https:\/\/www.massage-chamonix.com\/fr\/massages\/#primaryimage\"},\"datePublished\":\"2013-08-03T08:34:14+00:00\",\"dateModified\":\"2023-02-13T13:41:20+00:00\",\"description\":\"Apr\\u00e8s une longue journ\\u00e9e de ski, d'escalade, de randonn\\u00e9e, vos muscles sont endoloris. Recevoir un massage vous r\\u00e9g\\u00e9n\\u00e8re et vous relaxe de fa\\u00e7on optimale.\",\"breadcrumb\":{\"@id\":\"https:\/\/www.massage-chamonix.com\/fr\/massages\/#breadcrumb\"},\"inLanguage\":\"fr-FR\",\"potentialAction\":[{\"@type\":\"ReadAction\",\"target\":[\"https:\/\/www.massage-chamonix.com\/fr\/massages\/\"]}]},{\"@type\":\"BreadcrumbList\",\"@id\":\"https:\/\/www.massage-chamonix.com\/fr\/massages\/#breadcrumb\",\"itemListElement\":[{\"@type\":\"ListItem\",\"position\":1,\"name\":\"Home\",\"item\":\"https:\/\/www.massage-chamonix.com\/fr\/\"},{\"@type\":\"ListItem\",\"position\":2,\"name\":\"Nos massages\"}]}]}<\/script>\n<!-- \/ Yoast SEO plugin. -->","yoast_head_json":{"title":"Nos massages - Massage Chamonix","description":"Apr\u00e8s une longue journ\u00e9e de ski, d'escalade, de randonn\u00e9e, vos muscles sont endoloris. Recevoir un massage vous r\u00e9g\u00e9n\u00e8re et vous relaxe de fa\u00e7on optimale.","robots":{"index":"index","follow":"follow","max-snippet":"max-snippet:-1","max-image-preview":"max-image-preview:large","max-video-preview":"max-video-preview:-1"},"canonical":"https:\/\/www.massage-chamonix.com\/fr\/massages\/","og_locale":"fr_FR","og_type":"article","og_title":"Nos massages - Massage Chamonix","og_description":"Apr\u00e8s une longue journ\u00e9e de ski, d'escalade, de randonn\u00e9e, vos muscles sont endoloris. Recevoir un massage vous r\u00e9g\u00e9n\u00e8re et vous relaxe de fa\u00e7on optimale.","og_url":"https:\/\/www.massage-chamonix.com\/fr\/massages\/","og_site_name":"Massage Chamonix","article_modified_time":"2023-02-13T13:41:20+00:00","og_image":[{"width":450,"height":426,"url":"https:\/\/www.massage-chamonix.com\/wp-content\/uploads\/2013\/07\/massage3.jpg","path":"\/home\/massagec\/www\/wp-content\/uploads\/2013\/07\/massage3.jpg","size":"full","id":7848,"alt":"","pixels":191700,"type":"image\/jpeg"}],"twitter_misc":{"Dur\u00e9e de lecture est.":"4 minutes"},"schema":{"@context":"https:\/\/schema.org","@graph":[{"@type":"WebSite","@id":"https:\/\/www.massage-chamonix.com\/en\/#website","url":"https:\/\/www.massage-chamonix.com\/en\/","name":"Massage Chamonix","description":"In Chamonix, enjoy a relaxing, revitalising massage at our spa, at your hotel or at your home. We provide mobile massage services in other areas of the Valley such as Les Houches, Bossons, Praz, Lavancher.","potentialAction":[{"@type":"SearchAction","target":{"@type":"EntryPoint","urlTemplate":"https:\/\/www.massage-chamonix.com\/en\/?s={search_term_string}"},"query-input":"required name=search_term_string"}],"inLanguage":"fr-FR"},{"@type":"ImageObject","@id":"https:\/\/www.massage-chamonix.com\/fr\/massages\/#primaryimage","inLanguage":"fr-FR","url":"https:\/\/www.massage-chamonix.com\/wp-content\/uploads\/2013\/07\/massage3.jpg","contentUrl":"https:\/\/www.massage-chamonix.com\/wp-content\/uploads\/2013\/07\/massage3.jpg","width":450,"height":426},{"@type":"WebPage","@id":"https:\/\/www.massage-chamonix.com\/fr\/massages\/#webpage","url":"https:\/\/www.massage-chamonix.com\/fr\/massages\/","name":"Nos massages - Massage Chamonix","isPartOf":{"@id":"https:\/\/www.massage-chamonix.com\/en\/#website"},"primaryImageOfPage":{"@id":"https:\/\/www.massage-chamonix.com\/fr\/massages\/#primaryimage"},"datePublished":"2013-08-03T08:34:14+00:00","dateModified":"2023-02-13T13:41:20+00:00","description":"Apr\u00e8s une longue journ\u00e9e de ski, d'escalade, de randonn\u00e9e, vos muscles sont endoloris. Recevoir un massage vous r\u00e9g\u00e9n\u00e8re et vous relaxe de fa\u00e7on optimale.","breadcrumb":{"@id":"https:\/\/www.massage-chamonix.com\/fr\/massages\/#breadcrumb"},"inLanguage":"fr-FR","potentialAction":[{"@type":"ReadAction","target":["https:\/\/www.massage-chamonix.com\/fr\/massages\/"]}]},{"@type":"BreadcrumbList","@id":"https:\/\/www.massage-chamonix.com\/fr\/massages\/#breadcrumb","itemListElement":[{"@type":"ListItem","position":1,"name":"Home","item":"https:\/\/www.massage-chamonix.com\/fr\/"},{"@type":"ListItem","position":2,"name":"Nos massages"}]}]}},"_links":{"self":[{"href":"https:\/\/www.massage-chamonix.com\/fr\/wp-json\/wp\/v2\/pages\/8061"}],"collection":[{"href":"https:\/\/www.massage-chamonix.com\/fr\/wp-json\/wp\/v2\/pages"}],"about":[{"href":"https:\/\/www.massage-chamonix.com\/fr\/wp-json\/wp\/v2\/types\/page"}],"author":[{"embeddable":true,"href":"https:\/\/www.massage-chamonix.com\/fr\/wp-json\/wp\/v2\/users\/2"}],"replies":[{"embeddable":true,"href":"https:\/\/www.massage-chamonix.com\/fr\/wp-json\/wp\/v2\/comments?post=8061"}],"version-history":[{"count":25,"href":"https:\/\/www.massage-chamonix.com\/fr\/wp-json\/wp\/v2\/pages\/8061\/revisions"}],"predecessor-version":[{"id":9234,"href":"https:\/\/www.massage-chamonix.com\/fr\/wp-json\/wp\/v2\/pages\/8061\/revisions\/9234"}],"wp:featuredmedia":[{"embeddable":true,"href":"https:\/\/www.massage-chamonix.com\/fr\/wp-json\/wp\/v2\/media\/7848"}],"wp:attachment":[{"href":"https:\/\/www.massage-chamonix.com\/fr\/wp-json\/wp\/v2\/media?parent=8061"}],"curies":[{"name":"wp","href":"https:\/\/api.w.org\/{rel}","templated":true}]}}