{"id":8048,"date":"2013-07-31T20:12:44","date_gmt":"2013-07-31T20:12:44","guid":{"rendered":"https:\/\/www.massage-chamonix.com\/at-your-hotel-2\/"},"modified":"2017-11-21T08:24:54","modified_gmt":"2017-11-21T08:24:54","slug":"a-votre-hotel","status":"publish","type":"page","link":"https:\/\/www.massage-chamonix.com\/fr\/a-votre-hotel\/","title":{"rendered":"Massages \u00e0 votre hotel dans la vall\u00e9e de Chamonix"},"content":{"rendered":"<div id='av-layout-grid-1'  class='av-layout-grid-container entry-content-wrapper main_color av-flex-cells     avia-builder-el-0  el_before_av_heading  avia-builder-el-first  container_wrap sidebar_right' style=' '  >\n<div class=\"flex_cell no_margin av_one_half  avia-builder-el-1  el_before_av_cell_one_half  avia-builder-el-first   avia-full-stretch \"  style='height:426px; min-height:426px;vertical-align:middle; padding:40px 80px 0px 80px ; background-color:#ffffff; ' ><div class='flex_cell_inner' ><p><div  style='padding-bottom:10px; color:#000000;font-size:34px;' class='av-special-heading av-special-heading-h1 custom-color-heading blockquote modern-quote modern-centered  avia-builder-el-2  el_before_av_hr  avia-builder-el-first  av-inherit-size '><h1 class='av-special-heading-tag '  itemprop=\"headline\"  >Massage \u00e0 votre hotel dans la vall\u00e9e de Chamonix<\/h1><div class='special-heading-border'><div class='special-heading-inner-border' style='border-color:#000000'><\/div><\/div><\/div><br \/>\n<div  style=' margin-top:20px; margin-bottom:30px;'  class='hr hr-custom hr-center hr-icon-yes   avia-builder-el-3  el_after_av_heading  el_before_av_textblock '><span class='hr-inner  inner-border-av-border-thin' style=' width:50px; border-color:#000000; max-width:45%;' ><span class='hr-inner-style'><\/span><\/span><span class='av-seperator-icon' style='color:#71487c;' aria-hidden='true' data-av_icon='\ue808' data-av_iconfont='entypo-fontello'><\/span><span class='hr-inner  inner-border-av-border-thin' style=' width:50px; border-color:#000000; max-width:45%;' ><span class='hr-inner-style'><\/span><\/span><\/div><br \/>\n<section class=\"av_textblock_section \"  itemscope=\"itemscope\" itemtype=\"https:\/\/schema.org\/CreativeWork\" ><div class='avia_textblock  av_inherit_color '  style='color:#848484; '  itemprop=\"text\" ><p><strong>Nous proposons un service de massage professionnel mobile et nous nous d\u00e9pla\u00e7ons jusqu\u2019\u00e0 votre h\u00f4tel, o\u00fa qu\u2019il se trouve dans Chamonix et sa vall\u00e9e.\u00a0<\/strong><\/p>\n<p>Que vous ayez besoin d\u2019un massage relaxant dans la qui\u00e9tude de votre chambre d\u2019h\u00f4tel, ou d\u2019un massage sportif avant \/ apr\u00e8s ski, d\u2019assouplir vos muscles endoloris par une grande journ\u00e9e de sport ou un voyage un peu long, vous n\u2019avez qu\u2019un coup de t\u00e9l\u00e9phone \u00e0 passer pour r\u00e9server votre traitement, et nous nous occupons du reste.<\/p>\n<\/div><\/section><br \/>\n<div  style='height:20px' class='hr hr-invisible   avia-builder-el-5  el_after_av_textblock  avia-builder-el-last '><span class='hr-inner ' ><span class='hr-inner-style'><\/span><\/span><\/div><\/p>\n<\/div><\/div><div class=\"flex_cell no_margin av_one_half  avia-builder-el-6  el_after_av_cell_one_half  avia-builder-el-last   \"  style='height:426px; min-height:426px;background:url(https:\/\/www.massage-chamonix.com\/wp-content\/uploads\/2013\/07\/cham-drues2.jpg) top center no-repeat scroll; vertical-align:middle; padding:80px 80px 0px 80px ; background-color:#000000; ' ><div class='flex_cell_inner' ><\/div><\/div><\/div><div id='after_submenu_1'  class='main_color av_default_container_wrap container_wrap sidebar_right' style=' '  ><div class='container' ><div class='template-page content  av-content-small alpha units'><div class='post-entry post-entry-type-page post-entry-8048'><div class='entry-content-wrapper clearfix'><div  style='padding-bottom:30px; font-size:32px;' class='av-special-heading av-special-heading-h2  blockquote modern-quote modern-centered  avia-builder-el-7  el_after_av_layout_row  el_before_av_one_full  avia-builder-el-first  av-inherit-size '><h2 class='av-special-heading-tag '  itemprop=\"headline\"  >Profitez de votre massage dans le confort de votre h\u00f4tel<\/h2><div class='special-heading-border'><div class='special-heading-inner-border' ><\/div><\/div><\/div><\/p>\n<div class=\"flex_column av_one_full  flex_column_div av-zero-column-padding first  avia-builder-el-8  el_after_av_heading  el_before_av_layout_row  avia-builder-el-last  \" style='border-radius:0px; '><section class=\"av_textblock_section \"  itemscope=\"itemscope\" itemtype=\"https:\/\/schema.org\/CreativeWork\" ><div class='avia_textblock  '   itemprop=\"text\" ><p class=\"rtecenter\"><img loading=\"lazy\" class=\" wp-image-7895 alignleft\" src=\"https:\/\/www.massage-chamonix.com\/wp-content\/uploads\/2013\/07\/grand-hotel-des-alpes-01.jpg\" alt=\"grand-hotel-des-alpes-01\" width=\"231\" height=\"198\" \/><\/p>\n<p><strong>Recevez un massage personnalis\u00e9 con\u00e7u pour r\u00e9duire le stress, vous relaxer et soulager les tensions physiques de votre h\u00f4tel.<\/strong> Nous apportons tout ce dont vous avez besoin directement o\u00f9 que vous soyez.<\/p>\n<p>Le professionalisme de notre \u00e9quipe, et la flexibilit\u00e9 de notre service nous ont permis de travailler depuis l\u2019an 2000 avec de nombreux \u00e9tablissements de la vall\u00e9e et des environs, \u00e0 Chamonix, Les Houches, Bossons, Praz, Lavancher et d\u2019autres villages de la vall\u00e9e.<\/p>\n<p>Votre masseuse apportera tout le mat\u00e9riel n\u00e9cessaire pour le massage que vous souhaitez recevoir \u00e0 votre hotel.<\/p>\n<\/div><\/section><\/div><\/div><\/div><\/div><!-- close content main div --><\/div><\/div><div id='av-layout-grid-2'  class='av-layout-grid-container entry-content-wrapper main_color av-flex-cells     avia-builder-el-10  el_after_av_one_full  avia-builder-el-last  submenu-not-first container_wrap sidebar_right' style=' '  >\n<div class=\"flex_cell no_margin av_one_half  avia-builder-el-11  el_before_av_cell_one_half  avia-builder-el-first   \"  style='height:300px; min-height:300px;vertical-align:middle; padding:20px 80px 0px 80px ; background-color:#efefef; ' ><div class='flex_cell_inner' ><p><div  style='padding-bottom:20px; font-size:24px;' class='av-special-heading av-special-heading-h3  blockquote modern-quote  avia-builder-el-12  el_before_av_textblock  avia-builder-el-first  av-inherit-size '><h3 class='av-special-heading-tag '  itemprop=\"headline\"  >R\u00e9servez votre massage<\/h3><div class='special-heading-border'><div class='special-heading-inner-border' ><\/div><\/div><\/div><br \/>\n<section class=\"av_textblock_section \"  itemscope=\"itemscope\" itemtype=\"https:\/\/schema.org\/CreativeWork\" ><div class='avia_textblock  '   itemprop=\"text\" ><div class=\"textwidget\"><strong>Deux fa\u00e7ons de r\u00e9server votre massage avec massage-chamonix.com:\u00a0<\/strong>(composer le 00 33 6 88 63 36 99 depuis l&rsquo;\u00e9tranger)<\/div>\n<\/div><\/section><br \/>\n<div  style='height:20px' class='hr hr-invisible   avia-builder-el-14  el_after_av_textblock  el_before_av_button '><span class='hr-inner ' ><span class='hr-inner-style'><\/span><\/span><\/div><br \/>\n<div  class='avia-button-wrap avia-button-left  avia-builder-el-15  el_after_av_hr  el_before_av_button ' ><a href='tel:003368863699'  class='avia-button   avia-icon_select-yes-left-icon avia-size-medium avia-position-left '  style='background-color:#918dbc; border-color:#918dbc; color:#ffffff; ' ><span class='avia_button_icon avia_button_icon_left ' aria-hidden='true' data-av_icon='\ue854' data-av_iconfont='entypo-fontello'><\/span><span class='avia_iconbox_title' >Appelez-nous06 88 63 36 99<\/span><\/a><\/div><br \/>\n<div  class='avia-button-wrap avia-button-right  avia-builder-el-16  el_after_av_button  avia-builder-el-last ' ><a href='https:\/\/www.massage-chamonix.com\/fr\/massages\/aromatherapie\/'  class='avia-button   avia-icon_select-yes-left-icon avia-size-medium avia-position-right '  style='background-color:#d6adb7; border-color:#d6adb7; color:#ffffff; ' ><span class='avia_button_icon avia_button_icon_left ' aria-hidden='true' data-av_icon='\ue805' data-av_iconfont='entypo-fontello'><\/span><span class='avia_iconbox_title' >Prendre en rendez-vous en ligne<\/span><\/a><\/div><\/p>\n<\/div><\/div><div class=\"flex_cell no_margin av_one_half  avia-builder-el-17  el_after_av_cell_one_half  avia-builder-el-last   \"  style='height:300px; min-height:300px;vertical-align:middle; padding:20px 80px 0px 80px ; background-color:#dddddd; ' ><div class='flex_cell_inner' ><p><div  style='padding-bottom:20px; font-size:24px;' class='av-special-heading av-special-heading-h3  blockquote modern-quote  avia-builder-el-18  el_before_av_textblock  avia-builder-el-first  av-inherit-size '><h3 class='av-special-heading-tag '  itemprop=\"headline\"  >Des massages r\u00e9alis\u00e9s avec des huiles \u00e9cologiques<\/h3><div class='special-heading-border'><div class='special-heading-inner-border' ><\/div><\/div><\/div><br \/>\n<section class=\"av_textblock_section \"  itemscope=\"itemscope\" itemtype=\"https:\/\/schema.org\/CreativeWork\" ><div class='avia_textblock  '   itemprop=\"text\" ><p><img loading=\"lazy\" class=\"imgclass wp-image-7763 alignleft\" src=\"https:\/\/www.massage-chamonix.com\/wp-content\/uploads\/2017\/08\/huiles_essentielles_sm3.jpg\" alt=\"\" width=\"132\" height=\"169\" \/><\/p>\n<div class=\"textwidget\">Nous n&rsquo;utilisons que des huiles v\u00e9g\u00e9tales et huiles essentielles biologiques pour des massages plaisants et d&rsquo;une grande qualit\u00e9.<\/div>\n<div class=\"textwidget\"><strong>Les massages que nous proposons sont \u00e0 but non th\u00e9rapeutique ni m\u00e9dical.<\/strong><\/div>\n<\/div><\/section><\/p>\n<\/div><\/div>\n<\/div><\/p>\n","protected":false},"excerpt":{"rendered":"","protected":false},"author":2,"featured_media":7876,"parent":0,"menu_order":0,"comment_status":"closed","ping_status":"open","template":"","meta":[],"yoast_head":"<!-- This site is optimized with the Yoast SEO plugin v17.2 - https:\/\/yoast.com\/wordpress\/plugins\/seo\/ -->\n<title>Massages \u00e0 votre hotel dans la vall\u00e9e de Chamonix - Massage Chamonix<\/title>\n<meta name=\"description\" content=\"Nous proposons un service de massage professionnel mobile et nous nous d\u00e9pla\u00e7ons jusqu\u2019\u00e0 votre h\u00f4tel, o\u00fa qu\u2019il se trouve dans Chamonix et sa vall\u00e9e.\u00a0\" \/>\n<meta name=\"robots\" content=\"index, follow, max-snippet:-1, max-image-preview:large, max-video-preview:-1\" \/>\n<link rel=\"canonical\" href=\"https:\/\/www.massage-chamonix.com\/fr\/a-votre-hotel\/\" \/>\n<meta property=\"og:locale\" content=\"fr_FR\" \/>\n<meta property=\"og:type\" content=\"article\" \/>\n<meta property=\"og:title\" content=\"Massages \u00e0 votre hotel dans la vall\u00e9e de Chamonix - Massage Chamonix\" \/>\n<meta property=\"og:description\" content=\"Nous proposons un service de massage professionnel mobile et nous nous d\u00e9pla\u00e7ons jusqu\u2019\u00e0 votre h\u00f4tel, o\u00fa qu\u2019il se trouve dans Chamonix et sa vall\u00e9e.\u00a0\" \/>\n<meta property=\"og:url\" content=\"https:\/\/www.massage-chamonix.com\/fr\/a-votre-hotel\/\" \/>\n<meta property=\"og:site_name\" content=\"Massage Chamonix\" \/>\n<meta property=\"article:modified_time\" content=\"2017-11-21T08:24:54+00:00\" \/>\n<meta property=\"og:image\" content=\"https:\/\/www.massage-chamonix.com\/wp-content\/uploads\/2013\/07\/cham-drues2.jpg\" \/>\n\t<meta property=\"og:image:width\" content=\"450\" \/>\n\t<meta property=\"og:image:height\" content=\"426\" \/>\n<meta name=\"twitter:label1\" content=\"Dur\u00e9e de lecture est.\" \/>\n\t<meta name=\"twitter:data1\" content=\"5 minutes\" \/>\n<script type=\"application\/ld+json\" class=\"yoast-schema-graph\">{\"@context\":\"https:\/\/schema.org\",\"@graph\":[{\"@type\":\"WebSite\",\"@id\":\"https:\/\/www.massage-chamonix.com\/en\/#website\",\"url\":\"https:\/\/www.massage-chamonix.com\/en\/\",\"name\":\"Massage Chamonix\",\"description\":\"In Chamonix, enjoy a relaxing, revitalising massage at our spa, at your hotel or at your home. We provide mobile massage services in other areas of the Valley such as Les Houches, Bossons, Praz, Lavancher.\",\"potentialAction\":[{\"@type\":\"SearchAction\",\"target\":{\"@type\":\"EntryPoint\",\"urlTemplate\":\"https:\/\/www.massage-chamonix.com\/en\/?s={search_term_string}\"},\"query-input\":\"required name=search_term_string\"}],\"inLanguage\":\"fr-FR\"},{\"@type\":\"ImageObject\",\"@id\":\"https:\/\/www.massage-chamonix.com\/fr\/a-votre-hotel\/#primaryimage\",\"inLanguage\":\"fr-FR\",\"url\":\"https:\/\/www.massage-chamonix.com\/wp-content\/uploads\/2013\/07\/cham-drues2.jpg\",\"contentUrl\":\"https:\/\/www.massage-chamonix.com\/wp-content\/uploads\/2013\/07\/cham-drues2.jpg\",\"width\":450,\"height\":426},{\"@type\":\"WebPage\",\"@id\":\"https:\/\/www.massage-chamonix.com\/fr\/a-votre-hotel\/#webpage\",\"url\":\"https:\/\/www.massage-chamonix.com\/fr\/a-votre-hotel\/\",\"name\":\"Massages \\u00e0 votre hotel dans la vall\\u00e9e de Chamonix - Massage Chamonix\",\"isPartOf\":{\"@id\":\"https:\/\/www.massage-chamonix.com\/en\/#website\"},\"primaryImageOfPage\":{\"@id\":\"https:\/\/www.massage-chamonix.com\/fr\/a-votre-hotel\/#primaryimage\"},\"datePublished\":\"2013-07-31T20:12:44+00:00\",\"dateModified\":\"2017-11-21T08:24:54+00:00\",\"description\":\"Nous proposons un service de massage professionnel mobile et nous nous d\\u00e9pla\\u00e7ons jusqu\\u2019\\u00e0 votre h\\u00f4tel, o\\u00fa qu\\u2019il se trouve dans Chamonix et sa vall\\u00e9e.\\u00a0\",\"breadcrumb\":{\"@id\":\"https:\/\/www.massage-chamonix.com\/fr\/a-votre-hotel\/#breadcrumb\"},\"inLanguage\":\"fr-FR\",\"potentialAction\":[{\"@type\":\"ReadAction\",\"target\":[\"https:\/\/www.massage-chamonix.com\/fr\/a-votre-hotel\/\"]}]},{\"@type\":\"BreadcrumbList\",\"@id\":\"https:\/\/www.massage-chamonix.com\/fr\/a-votre-hotel\/#breadcrumb\",\"itemListElement\":[{\"@type\":\"ListItem\",\"position\":1,\"name\":\"Home\",\"item\":\"https:\/\/www.massage-chamonix.com\/fr\/\"},{\"@type\":\"ListItem\",\"position\":2,\"name\":\"Massages \\u00e0 votre hotel dans la vall\\u00e9e de Chamonix\"}]}]}<\/script>\n<!-- \/ Yoast SEO plugin. -->","yoast_head_json":{"title":"Massages \u00e0 votre hotel dans la vall\u00e9e de Chamonix - Massage Chamonix","description":"Nous proposons un service de massage professionnel mobile et nous nous d\u00e9pla\u00e7ons jusqu\u2019\u00e0 votre h\u00f4tel, o\u00fa qu\u2019il se trouve dans Chamonix et sa vall\u00e9e.\u00a0","robots":{"index":"index","follow":"follow","max-snippet":"max-snippet:-1","max-image-preview":"max-image-preview:large","max-video-preview":"max-video-preview:-1"},"canonical":"https:\/\/www.massage-chamonix.com\/fr\/a-votre-hotel\/","og_locale":"fr_FR","og_type":"article","og_title":"Massages \u00e0 votre hotel dans la vall\u00e9e de Chamonix - Massage Chamonix","og_description":"Nous proposons un service de massage professionnel mobile et nous nous d\u00e9pla\u00e7ons jusqu\u2019\u00e0 votre h\u00f4tel, o\u00fa qu\u2019il se trouve dans Chamonix et sa vall\u00e9e.\u00a0","og_url":"https:\/\/www.massage-chamonix.com\/fr\/a-votre-hotel\/","og_site_name":"Massage Chamonix","article_modified_time":"2017-11-21T08:24:54+00:00","og_image":[{"width":450,"height":426,"url":"https:\/\/www.massage-chamonix.com\/wp-content\/uploads\/2013\/07\/cham-drues2.jpg","path":"\/home\/massagec\/www\/wp-content\/uploads\/2013\/07\/cham-drues2.jpg","size":"full","id":7876,"alt":"","pixels":191700,"type":"image\/jpeg"}],"twitter_misc":{"Dur\u00e9e de lecture est.":"5 minutes"},"schema":{"@context":"https:\/\/schema.org","@graph":[{"@type":"WebSite","@id":"https:\/\/www.massage-chamonix.com\/en\/#website","url":"https:\/\/www.massage-chamonix.com\/en\/","name":"Massage Chamonix","description":"In Chamonix, enjoy a relaxing, revitalising massage at our spa, at your hotel or at your home. We provide mobile massage services in other areas of the Valley such as Les Houches, Bossons, Praz, Lavancher.","potentialAction":[{"@type":"SearchAction","target":{"@type":"EntryPoint","urlTemplate":"https:\/\/www.massage-chamonix.com\/en\/?s={search_term_string}"},"query-input":"required name=search_term_string"}],"inLanguage":"fr-FR"},{"@type":"ImageObject","@id":"https:\/\/www.massage-chamonix.com\/fr\/a-votre-hotel\/#primaryimage","inLanguage":"fr-FR","url":"https:\/\/www.massage-chamonix.com\/wp-content\/uploads\/2013\/07\/cham-drues2.jpg","contentUrl":"https:\/\/www.massage-chamonix.com\/wp-content\/uploads\/2013\/07\/cham-drues2.jpg","width":450,"height":426},{"@type":"WebPage","@id":"https:\/\/www.massage-chamonix.com\/fr\/a-votre-hotel\/#webpage","url":"https:\/\/www.massage-chamonix.com\/fr\/a-votre-hotel\/","name":"Massages \u00e0 votre hotel dans la vall\u00e9e de Chamonix - Massage Chamonix","isPartOf":{"@id":"https:\/\/www.massage-chamonix.com\/en\/#website"},"primaryImageOfPage":{"@id":"https:\/\/www.massage-chamonix.com\/fr\/a-votre-hotel\/#primaryimage"},"datePublished":"2013-07-31T20:12:44+00:00","dateModified":"2017-11-21T08:24:54+00:00","description":"Nous proposons un service de massage professionnel mobile et nous nous d\u00e9pla\u00e7ons jusqu\u2019\u00e0 votre h\u00f4tel, o\u00fa qu\u2019il se trouve dans Chamonix et sa vall\u00e9e.\u00a0","breadcrumb":{"@id":"https:\/\/www.massage-chamonix.com\/fr\/a-votre-hotel\/#breadcrumb"},"inLanguage":"fr-FR","potentialAction":[{"@type":"ReadAction","target":["https:\/\/www.massage-chamonix.com\/fr\/a-votre-hotel\/"]}]},{"@type":"BreadcrumbList","@id":"https:\/\/www.massage-chamonix.com\/fr\/a-votre-hotel\/#breadcrumb","itemListElement":[{"@type":"ListItem","position":1,"name":"Home","item":"https:\/\/www.massage-chamonix.com\/fr\/"},{"@type":"ListItem","position":2,"name":"Massages \u00e0 votre hotel dans la vall\u00e9e de Chamonix"}]}]}},"_links":{"self":[{"href":"https:\/\/www.massage-chamonix.com\/fr\/wp-json\/wp\/v2\/pages\/8048"}],"collection":[{"href":"https:\/\/www.massage-chamonix.com\/fr\/wp-json\/wp\/v2\/pages"}],"about":[{"href":"https:\/\/www.massage-chamonix.com\/fr\/wp-json\/wp\/v2\/types\/page"}],"author":[{"embeddable":true,"href":"https:\/\/www.massage-chamonix.com\/fr\/wp-json\/wp\/v2\/users\/2"}],"replies":[{"embeddable":true,"href":"https:\/\/www.massage-chamonix.com\/fr\/wp-json\/wp\/v2\/comments?post=8048"}],"version-history":[{"count":12,"href":"https:\/\/www.massage-chamonix.com\/fr\/wp-json\/wp\/v2\/pages\/8048\/revisions"}],"predecessor-version":[{"id":8049,"href":"https:\/\/www.massage-chamonix.com\/fr\/wp-json\/wp\/v2\/pages\/8048\/revisions\/8049"}],"wp:featuredmedia":[{"embeddable":true,"href":"https:\/\/www.massage-chamonix.com\/fr\/wp-json\/wp\/v2\/media\/7876"}],"wp:attachment":[{"href":"https:\/\/www.massage-chamonix.com\/fr\/wp-json\/wp\/v2\/media?parent=8048"}],"curies":[{"name":"wp","href":"https:\/\/api.w.org\/{rel}","templated":true}]}}